{"id":986,"date":"2023-04-25T16:23:43","date_gmt":"2023-04-25T16:23:43","guid":{"rendered":"http:\/\/margrescolombia.com\/?post_type=product&#038;p=986"},"modified":"2025-02-08T17:58:21","modified_gmt":"2025-02-08T17:58:21","slug":"piso-tabaco-gres-cucuta","status":"publish","type":"product","link":"https:\/\/margrescolombia.com\/index.php\/producto\/piso-tabaco-gres-cucuta\/","title":{"rendered":"Piso Tabaco Gres C\u00facuta"},"content":{"rendered":"<p>El piso en gres Tabaco es una opci\u00f3n elegante y sofisticada para cualquier espacio. Este tipo de piso se caracteriza por tener un acabado en tonalidades marrones oscuros que le dan un aspecto cl\u00e1sico y atemporal.<\/p>\n<p>El gres Tabaco se elabora a partir de arcillas naturales que se someten a altas temperaturas para lograr una textura resistente y duradera. Esto lo convierte en una excelente opci\u00f3n para lugares con alto tr\u00e1fico, ya que soporta muy bien el desgaste y la abrasi\u00f3n.<\/p>\n","protected":false},"excerpt":{"rendered":"<p>El piso en gres Tabaco es una opci\u00f3n elegante y sofisticada para cualquier espacio. Este tipo de piso se caracteriza por tener un acabado en tonalidades marrones oscuros que le dan un aspecto cl\u00e1sico y atemporal.<\/p>\n<p><strong>Formatos Disponibles: (30&#215;30)<\/strong><\/p>\n","protected":false},"featured_media":987,"comment_status":"open","ping_status":"closed","template":"","meta":{"_uag_custom_page_level_css":"","site-sidebar-layout":"default","site-content-layout":"default","ast-global-header-display":"","ast-main-header-display":"","ast-hfb-above-header-display":"","ast-hfb-below-header-display":"","ast-hfb-mobile-header-display":"","site-post-title":"","ast-breadcrumbs-content":"","ast-featured-img":"","footer-sml-layout":"","theme-transparent-header-meta":"default","adv-header-id-meta":"","stick-header-meta":"","header-above-stick-meta":"","header-main-stick-meta":"","header-below-stick-meta":"","_joinchat":[],"jetpack_publicize_message":"","jetpack_is_tweetstorm":false,"jetpack_publicize_feature_enabled":true,"jetpack_social_post_already_shared":true,"jetpack_social_options":{"image_generator_settings":{"template":"highway","enabled":false}}},"product_cat":[28],"product_tag":[],"jetpack_publicize_connections":[],"uagb_featured_image_src":{"full":["https:\/\/margrescolombia.com\/wp-content\/uploads\/2023\/04\/Captura-de-pantalla-2023-04-25-112400.png",601,541,false],"thumbnail":["https:\/\/margrescolombia.com\/wp-content\/uploads\/2023\/04\/Captura-de-pantalla-2023-04-25-112400-150x150.png",150,150,true],"medium":["https:\/\/margrescolombia.com\/wp-content\/uploads\/2023\/04\/Captura-de-pantalla-2023-04-25-112400-300x270.png",300,270,true],"medium_large":["https:\/\/margrescolombia.com\/wp-content\/uploads\/2023\/04\/Captura-de-pantalla-2023-04-25-112400.png",601,541,false],"large":["https:\/\/margrescolombia.com\/wp-content\/uploads\/2023\/04\/Captura-de-pantalla-2023-04-25-112400.png",601,541,false],"1536x1536":["https:\/\/margrescolombia.com\/wp-content\/uploads\/2023\/04\/Captura-de-pantalla-2023-04-25-112400.png",601,541,false],"2048x2048":["https:\/\/margrescolombia.com\/wp-content\/uploads\/2023\/04\/Captura-de-pantalla-2023-04-25-112400.png",601,541,false],"woocommerce_thumbnail":["https:\/\/margrescolombia.com\/wp-content\/uploads\/2023\/04\/Captura-de-pantalla-2023-04-25-112400-300x300.png",300,300,true],"woocommerce_single":["https:\/\/margrescolombia.com\/wp-content\/uploads\/2023\/04\/Captura-de-pantalla-2023-04-25-112400.png",600,540,false],"woocommerce_gallery_thumbnail":["https:\/\/margrescolombia.com\/wp-content\/uploads\/2023\/04\/Captura-de-pantalla-2023-04-25-112400-100x100.png",100,100,true]},"uagb_author_info":{"display_name":"davidmartinezg2014","author_link":"https:\/\/margrescolombia.com\/index.php\/author\/"},"uagb_comment_info":0,"uagb_excerpt":"El piso en gres Tabaco es una opci\u00f3n elegante y sofisticada para cualquier espacio. Este tipo de piso se caracteriza por tener un acabado en tonalidades marrones oscuros que le dan un aspecto cl\u00e1sico y atemporal. Formatos Disponibles: (30x30)","_links":{"self":[{"href":"https:\/\/margrescolombia.com\/index.php\/wp-json\/wp\/v2\/product\/986"}],"collection":[{"href":"https:\/\/margrescolombia.com\/index.php\/wp-json\/wp\/v2\/product"}],"about":[{"href":"https:\/\/margrescolombia.com\/index.php\/wp-json\/wp\/v2\/types\/product"}],"replies":[{"embeddable":true,"href":"https:\/\/margrescolombia.com\/index.php\/wp-json\/wp\/v2\/comments?post=986"}],"wp:featuredmedia":[{"embeddable":true,"href":"https:\/\/margrescolombia.com\/index.php\/wp-json\/wp\/v2\/media\/987"}],"wp:attachment":[{"href":"https:\/\/margrescolombia.com\/index.php\/wp-json\/wp\/v2\/media?parent=986"}],"wp:term":[{"taxonomy":"product_cat","embeddable":true,"href":"https:\/\/margrescolombia.com\/index.php\/wp-json\/wp\/v2\/product_cat?post=986"},{"taxonomy":"product_tag","embeddable":true,"href":"https:\/\/margrescolombia.com\/index.php\/wp-json\/wp\/v2\/product_tag?post=986"}],"curies":[{"name":"wp","href":"https:\/\/api.w.org\/{rel}","templated":true}]}}