{"id":979,"date":"2023-04-22T17:58:04","date_gmt":"2023-04-22T17:58:04","guid":{"rendered":"http:\/\/margrescolombia.com\/?post_type=product&#038;p=979"},"modified":"2025-02-08T17:59:51","modified_gmt":"2025-02-08T17:59:51","slug":"piso-ebano","status":"publish","type":"product","link":"https:\/\/margrescolombia.com\/index.php\/producto\/piso-ebano\/","title":{"rendered":"Piso \u00c9bano Gres Cucuta"},"content":{"rendered":"<p>Es una opci\u00f3n elegante y resistente para cualquier espacio. Su acabado en tonos negros profundos y ricos, le da un aspecto moderno y sofisticado que se adapta perfectamente a cualquier estilo de decoraci\u00f3n.<\/p>\n<p>El gres es un material cer\u00e1mico altamente duradero y resistente al desgaste, lo que lo convierte en una opci\u00f3n ideal para \u00e1reas de alto tr\u00e1fico. Adem\u00e1s, el piso de gres color \u00e9bano es resistente a la humedad, las manchas y los productos qu\u00edmicos, lo que lo hace f\u00e1cil de limpiar y mantener.<\/p>\n","protected":false},"excerpt":{"rendered":"<p>Pertenece a la l\u00ednea de pisos distinci\u00f3n; producto con la tonalidad m\u00e1s oscura. Es ideal para ambientes modernos y elegantes.<\/p>\n<p><strong>Formatos Disponibles (cm): 30\u00d730\u00a0<\/strong><\/p>\n","protected":false},"featured_media":980,"comment_status":"open","ping_status":"closed","template":"","meta":{"_uag_custom_page_level_css":"","site-sidebar-layout":"default","site-content-layout":"default","ast-global-header-display":"","ast-main-header-display":"","ast-hfb-above-header-display":"","ast-hfb-below-header-display":"","ast-hfb-mobile-header-display":"","site-post-title":"","ast-breadcrumbs-content":"","ast-featured-img":"","footer-sml-layout":"","theme-transparent-header-meta":"default","adv-header-id-meta":"","stick-header-meta":"","header-above-stick-meta":"","header-main-stick-meta":"","header-below-stick-meta":"","_joinchat":[],"jetpack_publicize_message":"","jetpack_is_tweetstorm":false,"jetpack_publicize_feature_enabled":true,"jetpack_social_post_already_shared":true,"jetpack_social_options":{"image_generator_settings":{"template":"highway","enabled":false}}},"product_cat":[28],"product_tag":[],"jetpack_publicize_connections":[],"uagb_featured_image_src":{"full":["https:\/\/margrescolombia.com\/wp-content\/uploads\/2023\/04\/Ebano.png",600,600,false],"thumbnail":["https:\/\/margrescolombia.com\/wp-content\/uploads\/2023\/04\/Ebano-150x150.png",150,150,true],"medium":["https:\/\/margrescolombia.com\/wp-content\/uploads\/2023\/04\/Ebano-300x300.png",300,300,true],"medium_large":["https:\/\/margrescolombia.com\/wp-content\/uploads\/2023\/04\/Ebano.png",600,600,false],"large":["https:\/\/margrescolombia.com\/wp-content\/uploads\/2023\/04\/Ebano.png",600,600,false],"1536x1536":["https:\/\/margrescolombia.com\/wp-content\/uploads\/2023\/04\/Ebano.png",600,600,false],"2048x2048":["https:\/\/margrescolombia.com\/wp-content\/uploads\/2023\/04\/Ebano.png",600,600,false],"woocommerce_thumbnail":["https:\/\/margrescolombia.com\/wp-content\/uploads\/2023\/04\/Ebano-300x300.png",300,300,true],"woocommerce_single":["https:\/\/margrescolombia.com\/wp-content\/uploads\/2023\/04\/Ebano.png",600,600,false],"woocommerce_gallery_thumbnail":["https:\/\/margrescolombia.com\/wp-content\/uploads\/2023\/04\/Ebano-100x100.png",100,100,true]},"uagb_author_info":{"display_name":"davidmartinezg2014","author_link":"https:\/\/margrescolombia.com\/index.php\/author\/"},"uagb_comment_info":0,"uagb_excerpt":"Pertenece a la l\u00ednea de pisos distinci\u00f3n; producto con la tonalidad m\u00e1s oscura. Es ideal para ambientes modernos y elegantes. Formatos Disponibles (cm): 30\u00d730\u00a0","_links":{"self":[{"href":"https:\/\/margrescolombia.com\/index.php\/wp-json\/wp\/v2\/product\/979"}],"collection":[{"href":"https:\/\/margrescolombia.com\/index.php\/wp-json\/wp\/v2\/product"}],"about":[{"href":"https:\/\/margrescolombia.com\/index.php\/wp-json\/wp\/v2\/types\/product"}],"replies":[{"embeddable":true,"href":"https:\/\/margrescolombia.com\/index.php\/wp-json\/wp\/v2\/comments?post=979"}],"wp:featuredmedia":[{"embeddable":true,"href":"https:\/\/margrescolombia.com\/index.php\/wp-json\/wp\/v2\/media\/980"}],"wp:attachment":[{"href":"https:\/\/margrescolombia.com\/index.php\/wp-json\/wp\/v2\/media?parent=979"}],"wp:term":[{"taxonomy":"product_cat","embeddable":true,"href":"https:\/\/margrescolombia.com\/index.php\/wp-json\/wp\/v2\/product_cat?post=979"},{"taxonomy":"product_tag","embeddable":true,"href":"https:\/\/margrescolombia.com\/index.php\/wp-json\/wp\/v2\/product_tag?post=979"}],"curies":[{"name":"wp","href":"https:\/\/api.w.org\/{rel}","templated":true}]}}