{"id":2214,"date":"2025-11-10T18:47:05","date_gmt":"2025-11-10T18:47:05","guid":{"rendered":"https:\/\/margrescolombia.com\/?post_type=product&#038;p=2214"},"modified":"2025-11-10T18:47:05","modified_gmt":"2025-11-10T18:47:05","slug":"teja-pvc-colonial","status":"publish","type":"product","link":"https:\/\/margrescolombia.com\/index.php\/producto\/teja-pvc-colonial\/","title":{"rendered":"Teja PVC colonial"},"content":{"rendered":"<p>Es ligera, resistente a la intemperie, anticorrosiva y de f\u00e1cil instalaci\u00f3n. Ofrece una excelente durabilidad, aislamiento t\u00e9rmico y ac\u00fastico, adem\u00e1s de requerir poco mantenimiento. Su dise\u00f1o colonial combina est\u00e9tica cl\u00e1sica con tecnolog\u00eda moderna, ideal para viviendas, terrazas y construcciones con un toque r\u00fastico o tradicional.<\/p>\n","protected":false},"excerpt":{"rendered":"<p>Medidas: 5.75&#215;1.05cm<\/p>\n<p>Con todos sus accesorios<\/p>\n","protected":false},"featured_media":2221,"comment_status":"open","ping_status":"closed","template":"","meta":{"_uag_custom_page_level_css":"","site-sidebar-layout":"default","site-content-layout":"default","ast-global-header-display":"","ast-main-header-display":"","ast-hfb-above-header-display":"","ast-hfb-below-header-display":"","ast-hfb-mobile-header-display":"","site-post-title":"","ast-breadcrumbs-content":"","ast-featured-img":"","footer-sml-layout":"","theme-transparent-header-meta":"default","adv-header-id-meta":"","stick-header-meta":"","header-above-stick-meta":"","header-main-stick-meta":"","header-below-stick-meta":"","_joinchat":[],"jetpack_publicize_message":"","jetpack_is_tweetstorm":false,"jetpack_publicize_feature_enabled":true,"jetpack_social_post_already_shared":true,"jetpack_social_options":{"image_generator_settings":{"template":"highway","enabled":false}}},"product_cat":[21],"product_tag":[],"jetpack_publicize_connections":[],"uagb_featured_image_src":{"full":["https:\/\/margrescolombia.com\/wp-content\/uploads\/2025\/11\/WhatsApp-Image-2025-11-10-at-1.34.49-PM-2.jpeg",1280,960,false],"thumbnail":["https:\/\/margrescolombia.com\/wp-content\/uploads\/2025\/11\/WhatsApp-Image-2025-11-10-at-1.34.49-PM-2-150x150.jpeg",150,150,true],"medium":["https:\/\/margrescolombia.com\/wp-content\/uploads\/2025\/11\/WhatsApp-Image-2025-11-10-at-1.34.49-PM-2-300x225.jpeg",300,225,true],"medium_large":["https:\/\/margrescolombia.com\/wp-content\/uploads\/2025\/11\/WhatsApp-Image-2025-11-10-at-1.34.49-PM-2-768x576.jpeg",768,576,true],"large":["https:\/\/margrescolombia.com\/wp-content\/uploads\/2025\/11\/WhatsApp-Image-2025-11-10-at-1.34.49-PM-2-1024x768.jpeg",1024,768,true],"1536x1536":["https:\/\/margrescolombia.com\/wp-content\/uploads\/2025\/11\/WhatsApp-Image-2025-11-10-at-1.34.49-PM-2.jpeg",1280,960,false],"2048x2048":["https:\/\/margrescolombia.com\/wp-content\/uploads\/2025\/11\/WhatsApp-Image-2025-11-10-at-1.34.49-PM-2.jpeg",1280,960,false],"woocommerce_thumbnail":["https:\/\/margrescolombia.com\/wp-content\/uploads\/2025\/11\/WhatsApp-Image-2025-11-10-at-1.34.49-PM-2-300x300.jpeg",300,300,true],"woocommerce_single":["https:\/\/margrescolombia.com\/wp-content\/uploads\/2025\/11\/WhatsApp-Image-2025-11-10-at-1.34.49-PM-2-600x450.jpeg",600,450,true],"woocommerce_gallery_thumbnail":["https:\/\/margrescolombia.com\/wp-content\/uploads\/2025\/11\/WhatsApp-Image-2025-11-10-at-1.34.49-PM-2-100x100.jpeg",100,100,true]},"uagb_author_info":{"display_name":"Ashly","author_link":"https:\/\/margrescolombia.com\/index.php\/author\/"},"uagb_comment_info":6,"uagb_excerpt":"Medidas: 5.75x1.05cm Con todos sus accesorios","_links":{"self":[{"href":"https:\/\/margrescolombia.com\/index.php\/wp-json\/wp\/v2\/product\/2214"}],"collection":[{"href":"https:\/\/margrescolombia.com\/index.php\/wp-json\/wp\/v2\/product"}],"about":[{"href":"https:\/\/margrescolombia.com\/index.php\/wp-json\/wp\/v2\/types\/product"}],"replies":[{"embeddable":true,"href":"https:\/\/margrescolombia.com\/index.php\/wp-json\/wp\/v2\/comments?post=2214"}],"wp:featuredmedia":[{"embeddable":true,"href":"https:\/\/margrescolombia.com\/index.php\/wp-json\/wp\/v2\/media\/2221"}],"wp:attachment":[{"href":"https:\/\/margrescolombia.com\/index.php\/wp-json\/wp\/v2\/media?parent=2214"}],"wp:term":[{"taxonomy":"product_cat","embeddable":true,"href":"https:\/\/margrescolombia.com\/index.php\/wp-json\/wp\/v2\/product_cat?post=2214"},{"taxonomy":"product_tag","embeddable":true,"href":"https:\/\/margrescolombia.com\/index.php\/wp-json\/wp\/v2\/product_tag?post=2214"}],"curies":[{"name":"wp","href":"https:\/\/api.w.org\/{rel}","templated":true}]}}