{"id":2206,"date":"2025-11-07T18:54:14","date_gmt":"2025-11-07T18:54:14","guid":{"rendered":"https:\/\/margrescolombia.com\/?post_type=product&#038;p=2206"},"modified":"2025-11-07T18:54:14","modified_gmt":"2025-11-07T18:54:14","slug":"fachaleta-rustica-mezclado","status":"publish","type":"product","link":"https:\/\/margrescolombia.com\/index.php\/producto\/fachaleta-rustica-mezclado\/","title":{"rendered":"Fachaleta rustica mezclado"},"content":{"rendered":"<p>Ofrece un acabado r\u00fastico y est\u00e9tico, aportando calidez y textura a las superficies con un mantenimiento m\u00ednimo.<\/p>\n","protected":false},"excerpt":{"rendered":"<p>Medidas: 24x6x2 cm<\/p>\n<p>Peso: 0.70 kg<\/p>\n<p>Rendimiento: 79 und x m2<\/p>\n","protected":false},"featured_media":2207,"comment_status":"open","ping_status":"closed","template":"","meta":{"_uag_custom_page_level_css":"","site-sidebar-layout":"default","site-content-layout":"default","ast-global-header-display":"","ast-main-header-display":"","ast-hfb-above-header-display":"","ast-hfb-below-header-display":"","ast-hfb-mobile-header-display":"","site-post-title":"","ast-breadcrumbs-content":"","ast-featured-img":"","footer-sml-layout":"","theme-transparent-header-meta":"default","adv-header-id-meta":"","stick-header-meta":"","header-above-stick-meta":"","header-main-stick-meta":"","header-below-stick-meta":"","_joinchat":[],"jetpack_publicize_message":"","jetpack_is_tweetstorm":false,"jetpack_publicize_feature_enabled":true,"jetpack_social_post_already_shared":true,"jetpack_social_options":{"image_generator_settings":{"template":"highway","enabled":false}}},"product_cat":[65],"product_tag":[],"jetpack_publicize_connections":[],"uagb_featured_image_src":{"full":["https:\/\/margrescolombia.com\/wp-content\/uploads\/2025\/11\/WhatsApp-Image-2025-11-07-at-1.51.15-PM.jpeg",361,140,false],"thumbnail":["https:\/\/margrescolombia.com\/wp-content\/uploads\/2025\/11\/WhatsApp-Image-2025-11-07-at-1.51.15-PM-150x140.jpeg",150,140,true],"medium":["https:\/\/margrescolombia.com\/wp-content\/uploads\/2025\/11\/WhatsApp-Image-2025-11-07-at-1.51.15-PM-300x116.jpeg",300,116,true],"medium_large":["https:\/\/margrescolombia.com\/wp-content\/uploads\/2025\/11\/WhatsApp-Image-2025-11-07-at-1.51.15-PM.jpeg",361,140,false],"large":["https:\/\/margrescolombia.com\/wp-content\/uploads\/2025\/11\/WhatsApp-Image-2025-11-07-at-1.51.15-PM.jpeg",361,140,false],"1536x1536":["https:\/\/margrescolombia.com\/wp-content\/uploads\/2025\/11\/WhatsApp-Image-2025-11-07-at-1.51.15-PM.jpeg",361,140,false],"2048x2048":["https:\/\/margrescolombia.com\/wp-content\/uploads\/2025\/11\/WhatsApp-Image-2025-11-07-at-1.51.15-PM.jpeg",361,140,false],"woocommerce_thumbnail":["https:\/\/margrescolombia.com\/wp-content\/uploads\/2025\/11\/WhatsApp-Image-2025-11-07-at-1.51.15-PM-300x140.jpeg",300,140,true],"woocommerce_single":["https:\/\/margrescolombia.com\/wp-content\/uploads\/2025\/11\/WhatsApp-Image-2025-11-07-at-1.51.15-PM.jpeg",361,140,false],"woocommerce_gallery_thumbnail":["https:\/\/margrescolombia.com\/wp-content\/uploads\/2025\/11\/WhatsApp-Image-2025-11-07-at-1.51.15-PM-100x100.jpeg",100,100,true]},"uagb_author_info":{"display_name":"Ashly","author_link":"https:\/\/margrescolombia.com\/index.php\/author\/"},"uagb_comment_info":0,"uagb_excerpt":"Medidas: 24x6x2 cm Peso: 0.70 kg Rendimiento: 79 und x m2","_links":{"self":[{"href":"https:\/\/margrescolombia.com\/index.php\/wp-json\/wp\/v2\/product\/2206"}],"collection":[{"href":"https:\/\/margrescolombia.com\/index.php\/wp-json\/wp\/v2\/product"}],"about":[{"href":"https:\/\/margrescolombia.com\/index.php\/wp-json\/wp\/v2\/types\/product"}],"replies":[{"embeddable":true,"href":"https:\/\/margrescolombia.com\/index.php\/wp-json\/wp\/v2\/comments?post=2206"}],"wp:featuredmedia":[{"embeddable":true,"href":"https:\/\/margrescolombia.com\/index.php\/wp-json\/wp\/v2\/media\/2207"}],"wp:attachment":[{"href":"https:\/\/margrescolombia.com\/index.php\/wp-json\/wp\/v2\/media?parent=2206"}],"wp:term":[{"taxonomy":"product_cat","embeddable":true,"href":"https:\/\/margrescolombia.com\/index.php\/wp-json\/wp\/v2\/product_cat?post=2206"},{"taxonomy":"product_tag","embeddable":true,"href":"https:\/\/margrescolombia.com\/index.php\/wp-json\/wp\/v2\/product_tag?post=2206"}],"curies":[{"name":"wp","href":"https:\/\/api.w.org\/{rel}","templated":true}]}}