{"id":2169,"date":"2025-11-04T19:00:08","date_gmt":"2025-11-04T19:00:08","guid":{"rendered":"https:\/\/margrescolombia.com\/?post_type=product&#038;p=2169"},"modified":"2025-11-04T19:00:08","modified_gmt":"2025-11-04T19:00:08","slug":"jamba-lisa","status":"publish","type":"product","link":"https:\/\/margrescolombia.com\/index.php\/producto\/jamba-lisa\/","title":{"rendered":"Jamba lisa"},"content":{"rendered":"<p>Aporta un estilo r\u00fastico y tradicional a muros, marcos o cornisas. Su textura natural y tono c\u00e1lido ofrecen un acabado est\u00e9tico que combina durabilidad, resistencia y encanto artesanal, ideal para espacios interiores y exteriores.<\/p>\n","protected":false},"excerpt":{"rendered":"<p>Medidas: 12x17x7cm<\/p>\n<p>Rendimiento: 12 und x ml<\/p>\n<p>Peso: 1.7 kg<\/p>\n","protected":false},"featured_media":2170,"comment_status":"open","ping_status":"closed","template":"","meta":{"_uag_custom_page_level_css":"","site-sidebar-layout":"default","site-content-layout":"default","ast-global-header-display":"","ast-main-header-display":"","ast-hfb-above-header-display":"","ast-hfb-below-header-display":"","ast-hfb-mobile-header-display":"","site-post-title":"","ast-breadcrumbs-content":"","ast-featured-img":"","footer-sml-layout":"","theme-transparent-header-meta":"default","adv-header-id-meta":"","stick-header-meta":"","header-above-stick-meta":"","header-main-stick-meta":"","header-below-stick-meta":"","_joinchat":[],"jetpack_publicize_message":"","jetpack_is_tweetstorm":false,"jetpack_publicize_feature_enabled":true,"jetpack_social_post_already_shared":true,"jetpack_social_options":{"image_generator_settings":{"template":"highway","enabled":false}}},"product_cat":[65],"product_tag":[],"jetpack_publicize_connections":[],"uagb_featured_image_src":{"full":["https:\/\/margrescolombia.com\/wp-content\/uploads\/2025\/11\/WhatsApp-Image-2025-11-04-at-1.54.51-PM.jpeg",293,221,false],"thumbnail":["https:\/\/margrescolombia.com\/wp-content\/uploads\/2025\/11\/WhatsApp-Image-2025-11-04-at-1.54.51-PM-150x150.jpeg",150,150,true],"medium":["https:\/\/margrescolombia.com\/wp-content\/uploads\/2025\/11\/WhatsApp-Image-2025-11-04-at-1.54.51-PM.jpeg",293,221,false],"medium_large":["https:\/\/margrescolombia.com\/wp-content\/uploads\/2025\/11\/WhatsApp-Image-2025-11-04-at-1.54.51-PM.jpeg",293,221,false],"large":["https:\/\/margrescolombia.com\/wp-content\/uploads\/2025\/11\/WhatsApp-Image-2025-11-04-at-1.54.51-PM.jpeg",293,221,false],"1536x1536":["https:\/\/margrescolombia.com\/wp-content\/uploads\/2025\/11\/WhatsApp-Image-2025-11-04-at-1.54.51-PM.jpeg",293,221,false],"2048x2048":["https:\/\/margrescolombia.com\/wp-content\/uploads\/2025\/11\/WhatsApp-Image-2025-11-04-at-1.54.51-PM.jpeg",293,221,false],"woocommerce_thumbnail":["https:\/\/margrescolombia.com\/wp-content\/uploads\/2025\/11\/WhatsApp-Image-2025-11-04-at-1.54.51-PM.jpeg",293,221,false],"woocommerce_single":["https:\/\/margrescolombia.com\/wp-content\/uploads\/2025\/11\/WhatsApp-Image-2025-11-04-at-1.54.51-PM.jpeg",293,221,false],"woocommerce_gallery_thumbnail":["https:\/\/margrescolombia.com\/wp-content\/uploads\/2025\/11\/WhatsApp-Image-2025-11-04-at-1.54.51-PM-100x100.jpeg",100,100,true]},"uagb_author_info":{"display_name":"Ashly","author_link":"https:\/\/margrescolombia.com\/index.php\/author\/"},"uagb_comment_info":0,"uagb_excerpt":"Medidas: 12x17x7cm Rendimiento: 12 und x ml Peso: 1.7 kg","_links":{"self":[{"href":"https:\/\/margrescolombia.com\/index.php\/wp-json\/wp\/v2\/product\/2169"}],"collection":[{"href":"https:\/\/margrescolombia.com\/index.php\/wp-json\/wp\/v2\/product"}],"about":[{"href":"https:\/\/margrescolombia.com\/index.php\/wp-json\/wp\/v2\/types\/product"}],"replies":[{"embeddable":true,"href":"https:\/\/margrescolombia.com\/index.php\/wp-json\/wp\/v2\/comments?post=2169"}],"wp:featuredmedia":[{"embeddable":true,"href":"https:\/\/margrescolombia.com\/index.php\/wp-json\/wp\/v2\/media\/2170"}],"wp:attachment":[{"href":"https:\/\/margrescolombia.com\/index.php\/wp-json\/wp\/v2\/media?parent=2169"}],"wp:term":[{"taxonomy":"product_cat","embeddable":true,"href":"https:\/\/margrescolombia.com\/index.php\/wp-json\/wp\/v2\/product_cat?post=2169"},{"taxonomy":"product_tag","embeddable":true,"href":"https:\/\/margrescolombia.com\/index.php\/wp-json\/wp\/v2\/product_tag?post=2169"}],"curies":[{"name":"wp","href":"https:\/\/api.w.org\/{rel}","templated":true}]}}