{"id":2110,"date":"2025-10-18T16:18:16","date_gmt":"2025-10-18T16:18:16","guid":{"rendered":"https:\/\/margrescolombia.com\/?post_type=product&#038;p=2110"},"modified":"2025-10-24T01:33:00","modified_gmt":"2025-10-24T01:33:00","slug":"alfajia-ladrillo","status":"publish","type":"product","link":"https:\/\/margrescolombia.com\/index.php\/producto\/alfajia-ladrillo\/","title":{"rendered":"Alfajia ladrillo"},"content":{"rendered":"<p>Este tipo de estructura combina la resistencia de las viguetas con la ligereza y aislamiento t\u00e9rmico del ladrillo, resultando en una soluci\u00f3n econ\u00f3mica y funcional.<\/p>\n","protected":false},"excerpt":{"rendered":"<p>Medidas:<\/p>\n<p>20x12x6<\/p>\n","protected":false},"featured_media":2111,"comment_status":"open","ping_status":"closed","template":"","meta":{"_uag_custom_page_level_css":"","site-sidebar-layout":"default","site-content-layout":"default","ast-global-header-display":"","ast-main-header-display":"","ast-hfb-above-header-display":"","ast-hfb-below-header-display":"","ast-hfb-mobile-header-display":"","site-post-title":"","ast-breadcrumbs-content":"","ast-featured-img":"","footer-sml-layout":"","theme-transparent-header-meta":"default","adv-header-id-meta":"","stick-header-meta":"","header-above-stick-meta":"","header-main-stick-meta":"","header-below-stick-meta":"","_joinchat":[],"jetpack_publicize_message":"","jetpack_is_tweetstorm":false,"jetpack_publicize_feature_enabled":true,"jetpack_social_post_already_shared":true,"jetpack_social_options":{"image_generator_settings":{"template":"highway","enabled":false}}},"product_cat":[64],"product_tag":[],"jetpack_publicize_connections":[],"uagb_featured_image_src":{"full":["https:\/\/margrescolombia.com\/wp-content\/uploads\/2025\/10\/WhatsApp-Image-2025-10-18-at-11.15.35-AM-1.jpeg",1204,1600,false],"thumbnail":["https:\/\/margrescolombia.com\/wp-content\/uploads\/2025\/10\/WhatsApp-Image-2025-10-18-at-11.15.35-AM-1-150x150.jpeg",150,150,true],"medium":["https:\/\/margrescolombia.com\/wp-content\/uploads\/2025\/10\/WhatsApp-Image-2025-10-18-at-11.15.35-AM-1-226x300.jpeg",226,300,true],"medium_large":["https:\/\/margrescolombia.com\/wp-content\/uploads\/2025\/10\/WhatsApp-Image-2025-10-18-at-11.15.35-AM-1-768x1021.jpeg",768,1021,true],"large":["https:\/\/margrescolombia.com\/wp-content\/uploads\/2025\/10\/WhatsApp-Image-2025-10-18-at-11.15.35-AM-1-771x1024.jpeg",771,1024,true],"1536x1536":["https:\/\/margrescolombia.com\/wp-content\/uploads\/2025\/10\/WhatsApp-Image-2025-10-18-at-11.15.35-AM-1-1156x1536.jpeg",1156,1536,true],"2048x2048":["https:\/\/margrescolombia.com\/wp-content\/uploads\/2025\/10\/WhatsApp-Image-2025-10-18-at-11.15.35-AM-1.jpeg",1204,1600,false],"woocommerce_thumbnail":["https:\/\/margrescolombia.com\/wp-content\/uploads\/2025\/10\/WhatsApp-Image-2025-10-18-at-11.15.35-AM-1-300x300.jpeg",300,300,true],"woocommerce_single":["https:\/\/margrescolombia.com\/wp-content\/uploads\/2025\/10\/WhatsApp-Image-2025-10-18-at-11.15.35-AM-1-600x797.jpeg",600,797,true],"woocommerce_gallery_thumbnail":["https:\/\/margrescolombia.com\/wp-content\/uploads\/2025\/10\/WhatsApp-Image-2025-10-18-at-11.15.35-AM-1-100x100.jpeg",100,100,true]},"uagb_author_info":{"display_name":"Ashly","author_link":"https:\/\/margrescolombia.com\/index.php\/author\/"},"uagb_comment_info":5,"uagb_excerpt":"Medidas: 20x12x6","_links":{"self":[{"href":"https:\/\/margrescolombia.com\/index.php\/wp-json\/wp\/v2\/product\/2110"}],"collection":[{"href":"https:\/\/margrescolombia.com\/index.php\/wp-json\/wp\/v2\/product"}],"about":[{"href":"https:\/\/margrescolombia.com\/index.php\/wp-json\/wp\/v2\/types\/product"}],"replies":[{"embeddable":true,"href":"https:\/\/margrescolombia.com\/index.php\/wp-json\/wp\/v2\/comments?post=2110"}],"wp:featuredmedia":[{"embeddable":true,"href":"https:\/\/margrescolombia.com\/index.php\/wp-json\/wp\/v2\/media\/2111"}],"wp:attachment":[{"href":"https:\/\/margrescolombia.com\/index.php\/wp-json\/wp\/v2\/media?parent=2110"}],"wp:term":[{"taxonomy":"product_cat","embeddable":true,"href":"https:\/\/margrescolombia.com\/index.php\/wp-json\/wp\/v2\/product_cat?post=2110"},{"taxonomy":"product_tag","embeddable":true,"href":"https:\/\/margrescolombia.com\/index.php\/wp-json\/wp\/v2\/product_tag?post=2110"}],"curies":[{"name":"wp","href":"https:\/\/api.w.org\/{rel}","templated":true}]}}