{"id":2033,"date":"2025-09-29T18:57:13","date_gmt":"2025-09-29T18:57:13","guid":{"rendered":"https:\/\/margrescolombia.com\/?post_type=product&#038;p=2033"},"modified":"2025-09-29T18:57:13","modified_gmt":"2025-09-29T18:57:13","slug":"split-face-travertino-2","status":"publish","type":"product","link":"https:\/\/margrescolombia.com\/index.php\/producto\/split-face-travertino-2\/","title":{"rendered":"Split face travertino"},"content":{"rendered":"<p>A temporal es la descripci\u00f3n mas acertada que te podemos brindar debido a que por su gran resistencia y dise\u00f1o no le pasan los a\u00f1os.<\/p>\n","protected":false},"excerpt":{"rendered":"<p>Formato: 10cm por largo libre<\/p>\n<p>Peso: 65kg<\/p>\n<p>Grosor: 2.5 cm<\/p>\n<p>&nbsp;<\/p>\n","protected":false},"featured_media":2034,"comment_status":"open","ping_status":"closed","template":"","meta":{"_uag_custom_page_level_css":"","site-sidebar-layout":"default","site-content-layout":"default","ast-global-header-display":"","ast-main-header-display":"","ast-hfb-above-header-display":"","ast-hfb-below-header-display":"","ast-hfb-mobile-header-display":"","site-post-title":"","ast-breadcrumbs-content":"","ast-featured-img":"","footer-sml-layout":"","theme-transparent-header-meta":"default","adv-header-id-meta":"","stick-header-meta":"","header-above-stick-meta":"","header-main-stick-meta":"","header-below-stick-meta":"","_joinchat":[],"jetpack_publicize_message":"","jetpack_is_tweetstorm":false,"jetpack_publicize_feature_enabled":true,"jetpack_social_post_already_shared":true,"jetpack_social_options":{"image_generator_settings":{"template":"highway","enabled":false}}},"product_cat":[19],"product_tag":[],"jetpack_publicize_connections":[],"uagb_featured_image_src":{"full":["https:\/\/margrescolombia.com\/wp-content\/uploads\/2025\/09\/WhatsApp-Image-2025-09-29-at-1.54.49-PM.jpeg",566,532,false],"thumbnail":["https:\/\/margrescolombia.com\/wp-content\/uploads\/2025\/09\/WhatsApp-Image-2025-09-29-at-1.54.49-PM-150x150.jpeg",150,150,true],"medium":["https:\/\/margrescolombia.com\/wp-content\/uploads\/2025\/09\/WhatsApp-Image-2025-09-29-at-1.54.49-PM-300x282.jpeg",300,282,true],"medium_large":["https:\/\/margrescolombia.com\/wp-content\/uploads\/2025\/09\/WhatsApp-Image-2025-09-29-at-1.54.49-PM.jpeg",566,532,false],"large":["https:\/\/margrescolombia.com\/wp-content\/uploads\/2025\/09\/WhatsApp-Image-2025-09-29-at-1.54.49-PM.jpeg",566,532,false],"1536x1536":["https:\/\/margrescolombia.com\/wp-content\/uploads\/2025\/09\/WhatsApp-Image-2025-09-29-at-1.54.49-PM.jpeg",566,532,false],"2048x2048":["https:\/\/margrescolombia.com\/wp-content\/uploads\/2025\/09\/WhatsApp-Image-2025-09-29-at-1.54.49-PM.jpeg",566,532,false],"woocommerce_thumbnail":["https:\/\/margrescolombia.com\/wp-content\/uploads\/2025\/09\/WhatsApp-Image-2025-09-29-at-1.54.49-PM-300x300.jpeg",300,300,true],"woocommerce_single":["https:\/\/margrescolombia.com\/wp-content\/uploads\/2025\/09\/WhatsApp-Image-2025-09-29-at-1.54.49-PM.jpeg",566,532,false],"woocommerce_gallery_thumbnail":["https:\/\/margrescolombia.com\/wp-content\/uploads\/2025\/09\/WhatsApp-Image-2025-09-29-at-1.54.49-PM-100x100.jpeg",100,100,true]},"uagb_author_info":{"display_name":"Ashly","author_link":"https:\/\/margrescolombia.com\/index.php\/author\/"},"uagb_comment_info":0,"uagb_excerpt":"Formato: 10cm por largo libre Peso: 65kg Grosor: 2.5 cm &nbsp;","_links":{"self":[{"href":"https:\/\/margrescolombia.com\/index.php\/wp-json\/wp\/v2\/product\/2033"}],"collection":[{"href":"https:\/\/margrescolombia.com\/index.php\/wp-json\/wp\/v2\/product"}],"about":[{"href":"https:\/\/margrescolombia.com\/index.php\/wp-json\/wp\/v2\/types\/product"}],"replies":[{"embeddable":true,"href":"https:\/\/margrescolombia.com\/index.php\/wp-json\/wp\/v2\/comments?post=2033"}],"wp:featuredmedia":[{"embeddable":true,"href":"https:\/\/margrescolombia.com\/index.php\/wp-json\/wp\/v2\/media\/2034"}],"wp:attachment":[{"href":"https:\/\/margrescolombia.com\/index.php\/wp-json\/wp\/v2\/media?parent=2033"}],"wp:term":[{"taxonomy":"product_cat","embeddable":true,"href":"https:\/\/margrescolombia.com\/index.php\/wp-json\/wp\/v2\/product_cat?post=2033"},{"taxonomy":"product_tag","embeddable":true,"href":"https:\/\/margrescolombia.com\/index.php\/wp-json\/wp\/v2\/product_tag?post=2033"}],"curies":[{"name":"wp","href":"https:\/\/api.w.org\/{rel}","templated":true}]}}