{"id":1977,"date":"2025-09-15T18:57:47","date_gmt":"2025-09-15T18:57:47","guid":{"rendered":"https:\/\/margrescolombia.com\/?post_type=product&#038;p=1977"},"modified":"2025-09-15T18:57:48","modified_gmt":"2025-09-15T18:57:48","slug":"espacato-betania","status":"publish","type":"product","link":"https:\/\/margrescolombia.com\/index.php\/producto\/espacato-betania\/","title":{"rendered":"Espacato betania"},"content":{"rendered":"<p>Sus piezas irregulares generan una textura \u00fanica y elegante, ideal para resaltar muros, fachadas y detalles decorativos. Su aspecto vers\u00e1til lo convierte en una opci\u00f3n perfecta para ambientes tanto modernos como r\u00fasticos.<\/p>\n","protected":false},"excerpt":{"rendered":"<p>Medidas: 5x25cm<\/p>\n<p>&nbsp;<\/p>\n","protected":false},"featured_media":1978,"comment_status":"open","ping_status":"closed","template":"","meta":{"_uag_custom_page_level_css":"","site-sidebar-layout":"default","site-content-layout":"default","ast-global-header-display":"","ast-main-header-display":"","ast-hfb-above-header-display":"","ast-hfb-below-header-display":"","ast-hfb-mobile-header-display":"","site-post-title":"","ast-breadcrumbs-content":"","ast-featured-img":"","footer-sml-layout":"","theme-transparent-header-meta":"default","adv-header-id-meta":"","stick-header-meta":"","header-above-stick-meta":"","header-main-stick-meta":"","header-below-stick-meta":"","_joinchat":[],"jetpack_publicize_message":"","jetpack_is_tweetstorm":false,"jetpack_publicize_feature_enabled":true,"jetpack_social_post_already_shared":true,"jetpack_social_options":{"image_generator_settings":{"template":"highway","enabled":false}}},"product_cat":[50],"product_tag":[],"jetpack_publicize_connections":[],"uagb_featured_image_src":{"full":["https:\/\/margrescolombia.com\/wp-content\/uploads\/2025\/09\/WhatsApp-Image-2025-09-11-at-1.46.08-PM-8.jpeg",1080,1350,false],"thumbnail":["https:\/\/margrescolombia.com\/wp-content\/uploads\/2025\/09\/WhatsApp-Image-2025-09-11-at-1.46.08-PM-8-150x150.jpeg",150,150,true],"medium":["https:\/\/margrescolombia.com\/wp-content\/uploads\/2025\/09\/WhatsApp-Image-2025-09-11-at-1.46.08-PM-8-240x300.jpeg",240,300,true],"medium_large":["https:\/\/margrescolombia.com\/wp-content\/uploads\/2025\/09\/WhatsApp-Image-2025-09-11-at-1.46.08-PM-8-768x960.jpeg",768,960,true],"large":["https:\/\/margrescolombia.com\/wp-content\/uploads\/2025\/09\/WhatsApp-Image-2025-09-11-at-1.46.08-PM-8-819x1024.jpeg",819,1024,true],"1536x1536":["https:\/\/margrescolombia.com\/wp-content\/uploads\/2025\/09\/WhatsApp-Image-2025-09-11-at-1.46.08-PM-8.jpeg",1080,1350,false],"2048x2048":["https:\/\/margrescolombia.com\/wp-content\/uploads\/2025\/09\/WhatsApp-Image-2025-09-11-at-1.46.08-PM-8.jpeg",1080,1350,false],"woocommerce_thumbnail":["https:\/\/margrescolombia.com\/wp-content\/uploads\/2025\/09\/WhatsApp-Image-2025-09-11-at-1.46.08-PM-8-300x300.jpeg",300,300,true],"woocommerce_single":["https:\/\/margrescolombia.com\/wp-content\/uploads\/2025\/09\/WhatsApp-Image-2025-09-11-at-1.46.08-PM-8-600x750.jpeg",600,750,true],"woocommerce_gallery_thumbnail":["https:\/\/margrescolombia.com\/wp-content\/uploads\/2025\/09\/WhatsApp-Image-2025-09-11-at-1.46.08-PM-8-100x100.jpeg",100,100,true]},"uagb_author_info":{"display_name":"Ashly","author_link":"https:\/\/margrescolombia.com\/index.php\/author\/"},"uagb_comment_info":2,"uagb_excerpt":"Medidas: 5x25cm &nbsp;","_links":{"self":[{"href":"https:\/\/margrescolombia.com\/index.php\/wp-json\/wp\/v2\/product\/1977"}],"collection":[{"href":"https:\/\/margrescolombia.com\/index.php\/wp-json\/wp\/v2\/product"}],"about":[{"href":"https:\/\/margrescolombia.com\/index.php\/wp-json\/wp\/v2\/types\/product"}],"replies":[{"embeddable":true,"href":"https:\/\/margrescolombia.com\/index.php\/wp-json\/wp\/v2\/comments?post=1977"}],"wp:featuredmedia":[{"embeddable":true,"href":"https:\/\/margrescolombia.com\/index.php\/wp-json\/wp\/v2\/media\/1978"}],"wp:attachment":[{"href":"https:\/\/margrescolombia.com\/index.php\/wp-json\/wp\/v2\/media?parent=1977"}],"wp:term":[{"taxonomy":"product_cat","embeddable":true,"href":"https:\/\/margrescolombia.com\/index.php\/wp-json\/wp\/v2\/product_cat?post=1977"},{"taxonomy":"product_tag","embeddable":true,"href":"https:\/\/margrescolombia.com\/index.php\/wp-json\/wp\/v2\/product_tag?post=1977"}],"curies":[{"name":"wp","href":"https:\/\/api.w.org\/{rel}","templated":true}]}}