{"id":1888,"date":"2025-09-04T18:55:28","date_gmt":"2025-09-04T18:55:28","guid":{"rendered":"https:\/\/margrescolombia.com\/?post_type=product&#038;p=1888"},"modified":"2025-09-04T18:55:28","modified_gmt":"2025-09-04T18:55:28","slug":"split-face-travertino","status":"publish","type":"product","link":"https:\/\/margrescolombia.com\/index.php\/producto\/split-face-travertino\/","title":{"rendered":"Split Face Travertino"},"content":{"rendered":"<p>El <strong data-start=\"15\" data-end=\"40\">split face travertino<\/strong> es un acabado de piedra natural en el que la superficie se deja <strong data-start=\"105\" data-end=\"139\">rugosa y con relieve irregular<\/strong>, resaltando su textura y aspecto r\u00fastico. Conserva los tonos c\u00e1lidos caracter\u00edsticos del travertino \u2014beige, crema y dorados\u2014, aportando <strong data-start=\"276\" data-end=\"311\">profundidad y movimiento visual<\/strong>.<\/p>\n","protected":false},"excerpt":{"rendered":"<p>Formato: 10 CM X LARGO LIBRE<\/p>\n<p>Peso: 65 KG X M2<\/p>\n<p>Grosor: 2.5 CM<\/p>\n<p>&nbsp;<\/p>\n","protected":false},"featured_media":1890,"comment_status":"open","ping_status":"closed","template":"","meta":{"_uag_custom_page_level_css":"","site-sidebar-layout":"default","site-content-layout":"default","ast-global-header-display":"","ast-main-header-display":"","ast-hfb-above-header-display":"","ast-hfb-below-header-display":"","ast-hfb-mobile-header-display":"","site-post-title":"","ast-breadcrumbs-content":"","ast-featured-img":"","footer-sml-layout":"","theme-transparent-header-meta":"default","adv-header-id-meta":"","stick-header-meta":"","header-above-stick-meta":"","header-main-stick-meta":"","header-below-stick-meta":"","_joinchat":[],"jetpack_publicize_message":"","jetpack_is_tweetstorm":false,"jetpack_publicize_feature_enabled":true,"jetpack_social_post_already_shared":true,"jetpack_social_options":{"image_generator_settings":{"template":"highway","enabled":false}}},"product_cat":[19],"product_tag":[],"jetpack_publicize_connections":[],"uagb_featured_image_src":{"full":["https:\/\/margrescolombia.com\/wp-content\/uploads\/2025\/09\/WhatsApp-Image-2025-08-13-at-8.22.22-AM.jpeg",1280,960,false],"thumbnail":["https:\/\/margrescolombia.com\/wp-content\/uploads\/2025\/09\/WhatsApp-Image-2025-08-13-at-8.22.22-AM-150x150.jpeg",150,150,true],"medium":["https:\/\/margrescolombia.com\/wp-content\/uploads\/2025\/09\/WhatsApp-Image-2025-08-13-at-8.22.22-AM-300x225.jpeg",300,225,true],"medium_large":["https:\/\/margrescolombia.com\/wp-content\/uploads\/2025\/09\/WhatsApp-Image-2025-08-13-at-8.22.22-AM-768x576.jpeg",768,576,true],"large":["https:\/\/margrescolombia.com\/wp-content\/uploads\/2025\/09\/WhatsApp-Image-2025-08-13-at-8.22.22-AM-1024x768.jpeg",1024,768,true],"1536x1536":["https:\/\/margrescolombia.com\/wp-content\/uploads\/2025\/09\/WhatsApp-Image-2025-08-13-at-8.22.22-AM.jpeg",1280,960,false],"2048x2048":["https:\/\/margrescolombia.com\/wp-content\/uploads\/2025\/09\/WhatsApp-Image-2025-08-13-at-8.22.22-AM.jpeg",1280,960,false],"woocommerce_thumbnail":["https:\/\/margrescolombia.com\/wp-content\/uploads\/2025\/09\/WhatsApp-Image-2025-08-13-at-8.22.22-AM-300x300.jpeg",300,300,true],"woocommerce_single":["https:\/\/margrescolombia.com\/wp-content\/uploads\/2025\/09\/WhatsApp-Image-2025-08-13-at-8.22.22-AM-600x450.jpeg",600,450,true],"woocommerce_gallery_thumbnail":["https:\/\/margrescolombia.com\/wp-content\/uploads\/2025\/09\/WhatsApp-Image-2025-08-13-at-8.22.22-AM-100x100.jpeg",100,100,true]},"uagb_author_info":{"display_name":"Ashly","author_link":"https:\/\/margrescolombia.com\/index.php\/author\/"},"uagb_comment_info":0,"uagb_excerpt":"Formato: 10 CM X LARGO LIBRE Peso: 65 KG X M2 Grosor: 2.5 CM &nbsp;","_links":{"self":[{"href":"https:\/\/margrescolombia.com\/index.php\/wp-json\/wp\/v2\/product\/1888"}],"collection":[{"href":"https:\/\/margrescolombia.com\/index.php\/wp-json\/wp\/v2\/product"}],"about":[{"href":"https:\/\/margrescolombia.com\/index.php\/wp-json\/wp\/v2\/types\/product"}],"replies":[{"embeddable":true,"href":"https:\/\/margrescolombia.com\/index.php\/wp-json\/wp\/v2\/comments?post=1888"}],"wp:featuredmedia":[{"embeddable":true,"href":"https:\/\/margrescolombia.com\/index.php\/wp-json\/wp\/v2\/media\/1890"}],"wp:attachment":[{"href":"https:\/\/margrescolombia.com\/index.php\/wp-json\/wp\/v2\/media?parent=1888"}],"wp:term":[{"taxonomy":"product_cat","embeddable":true,"href":"https:\/\/margrescolombia.com\/index.php\/wp-json\/wp\/v2\/product_cat?post=1888"},{"taxonomy":"product_tag","embeddable":true,"href":"https:\/\/margrescolombia.com\/index.php\/wp-json\/wp\/v2\/product_tag?post=1888"}],"curies":[{"name":"wp","href":"https:\/\/api.w.org\/{rel}","templated":true}]}}