{"id":1855,"date":"2025-07-04T18:56:11","date_gmt":"2025-07-04T18:56:11","guid":{"rendered":"https:\/\/margrescolombia.com\/?post_type=product&#038;p=1855"},"modified":"2025-09-02T10:58:08","modified_gmt":"2025-09-02T10:58:08","slug":"teja-redonda-pequena","status":"publish","type":"product","link":"https:\/\/margrescolombia.com\/index.php\/producto\/teja-redonda-pequena\/","title":{"rendered":"Teja Redonda Peque\u00f1a"},"content":{"rendered":"<p>Dise\u00f1o circular que proporciona una excelente cobertura y est\u00e9tica en techados de estilo tradicional o r\u00fastico. Su tama\u00f1o compacto permite una colocaci\u00f3n f\u00e1cil y eficiente, adapt\u00e1ndose a proyectos peque\u00f1os o de renovaciones. Adem\u00e1s, su forma redondeada ofrece una excelente capacidad de drenaje, contribuyendo a la durabilidad de las estructuras bajo condiciones clim\u00e1ticas variadas.<\/p>\n","protected":false},"excerpt":{"rendered":"<p>Teja Redonda Peque\u00f1a<\/p>\n<p>Medidas:<\/p>\n<p>27 x 11 x 10 cm<\/p>\n<p>Peso:<\/p>\n<p>0, 6 kg<\/p>\n<p>Rendimiento:<\/p>\n<p>60 und por m\u00b2<\/p>\n","protected":false},"featured_media":1856,"comment_status":"open","ping_status":"closed","template":"","meta":{"_uag_custom_page_level_css":"","site-sidebar-layout":"default","site-content-layout":"default","ast-global-header-display":"","ast-main-header-display":"","ast-hfb-above-header-display":"","ast-hfb-below-header-display":"","ast-hfb-mobile-header-display":"","site-post-title":"","ast-breadcrumbs-content":"","ast-featured-img":"","footer-sml-layout":"","theme-transparent-header-meta":"default","adv-header-id-meta":"","stick-header-meta":"","header-above-stick-meta":"","header-main-stick-meta":"","header-below-stick-meta":"","_joinchat":[],"jetpack_publicize_message":"","jetpack_is_tweetstorm":false,"jetpack_publicize_feature_enabled":true,"jetpack_social_post_already_shared":true,"jetpack_social_options":{"image_generator_settings":{"template":"highway","enabled":false}}},"product_cat":[21],"product_tag":[],"jetpack_publicize_connections":[],"uagb_featured_image_src":{"full":["https:\/\/margrescolombia.com\/wp-content\/uploads\/2025\/07\/IMG-20250704-WA0028.jpg",605,360,false],"thumbnail":["https:\/\/margrescolombia.com\/wp-content\/uploads\/2025\/07\/IMG-20250704-WA0028-150x150.jpg",150,150,true],"medium":["https:\/\/margrescolombia.com\/wp-content\/uploads\/2025\/07\/IMG-20250704-WA0028-300x179.jpg",300,179,true],"medium_large":["https:\/\/margrescolombia.com\/wp-content\/uploads\/2025\/07\/IMG-20250704-WA0028.jpg",605,360,false],"large":["https:\/\/margrescolombia.com\/wp-content\/uploads\/2025\/07\/IMG-20250704-WA0028.jpg",605,360,false],"1536x1536":["https:\/\/margrescolombia.com\/wp-content\/uploads\/2025\/07\/IMG-20250704-WA0028.jpg",605,360,false],"2048x2048":["https:\/\/margrescolombia.com\/wp-content\/uploads\/2025\/07\/IMG-20250704-WA0028.jpg",605,360,false],"woocommerce_thumbnail":["https:\/\/margrescolombia.com\/wp-content\/uploads\/2025\/07\/IMG-20250704-WA0028-300x300.jpg",300,300,true],"woocommerce_single":["https:\/\/margrescolombia.com\/wp-content\/uploads\/2025\/07\/IMG-20250704-WA0028-600x357.jpg",600,357,true],"woocommerce_gallery_thumbnail":["https:\/\/margrescolombia.com\/wp-content\/uploads\/2025\/07\/IMG-20250704-WA0028-100x100.jpg",100,100,true]},"uagb_author_info":{"display_name":"Ashly","author_link":"https:\/\/margrescolombia.com\/index.php\/author\/"},"uagb_comment_info":11,"uagb_excerpt":"Teja Redonda Peque\u00f1a Medidas: 27 x 11 x 10 cm Peso: 0, 6 kg Rendimiento: 60 und por m\u00b2","_links":{"self":[{"href":"https:\/\/margrescolombia.com\/index.php\/wp-json\/wp\/v2\/product\/1855"}],"collection":[{"href":"https:\/\/margrescolombia.com\/index.php\/wp-json\/wp\/v2\/product"}],"about":[{"href":"https:\/\/margrescolombia.com\/index.php\/wp-json\/wp\/v2\/types\/product"}],"replies":[{"embeddable":true,"href":"https:\/\/margrescolombia.com\/index.php\/wp-json\/wp\/v2\/comments?post=1855"}],"wp:featuredmedia":[{"embeddable":true,"href":"https:\/\/margrescolombia.com\/index.php\/wp-json\/wp\/v2\/media\/1856"}],"wp:attachment":[{"href":"https:\/\/margrescolombia.com\/index.php\/wp-json\/wp\/v2\/media?parent=1855"}],"wp:term":[{"taxonomy":"product_cat","embeddable":true,"href":"https:\/\/margrescolombia.com\/index.php\/wp-json\/wp\/v2\/product_cat?post=1855"},{"taxonomy":"product_tag","embeddable":true,"href":"https:\/\/margrescolombia.com\/index.php\/wp-json\/wp\/v2\/product_tag?post=1855"}],"curies":[{"name":"wp","href":"https:\/\/api.w.org\/{rel}","templated":true}]}}