{"id":1849,"date":"2025-07-04T18:46:44","date_gmt":"2025-07-04T18:46:44","guid":{"rendered":"https:\/\/margrescolombia.com\/?post_type=product&#038;p=1849"},"modified":"2025-08-27T00:41:14","modified_gmt":"2025-08-27T00:41:14","slug":"teja-plana-roja","status":"publish","type":"product","link":"https:\/\/margrescolombia.com\/index.php\/producto\/teja-plana-roja\/","title":{"rendered":"Teja plana Roja"},"content":{"rendered":"<p>Ideal para techos residenciales y comerciales. Su dise\u00f1o simple y elegante permite una instalaci\u00f3n f\u00e1cil y eficiente, ofreciendo una excelente protecci\u00f3n contra las inclemencias del tiempo.<\/p>\n","protected":false},"excerpt":{"rendered":"<p>Teja Plana Roja<\/p>\n<p>Medidas:<\/p>\n<p>30 x 20 cm<\/p>\n<p>Peso:<\/p>\n<p>1,37 kg por u<\/p>\n<p>32,8 kg por m\u00b2<\/p>\n<p>Rendimiento:<\/p>\n<p>24 und por m\u00b2<\/p>\n","protected":false},"featured_media":1850,"comment_status":"open","ping_status":"closed","template":"","meta":{"_uag_custom_page_level_css":"","site-sidebar-layout":"default","site-content-layout":"default","ast-global-header-display":"","ast-main-header-display":"","ast-hfb-above-header-display":"","ast-hfb-below-header-display":"","ast-hfb-mobile-header-display":"","site-post-title":"","ast-breadcrumbs-content":"","ast-featured-img":"","footer-sml-layout":"","theme-transparent-header-meta":"default","adv-header-id-meta":"","stick-header-meta":"","header-above-stick-meta":"","header-main-stick-meta":"","header-below-stick-meta":"","_joinchat":[],"jetpack_publicize_message":"","jetpack_is_tweetstorm":false,"jetpack_publicize_feature_enabled":true,"jetpack_social_post_already_shared":true,"jetpack_social_options":{"image_generator_settings":{"template":"highway","enabled":false}}},"product_cat":[21],"product_tag":[],"jetpack_publicize_connections":[],"uagb_featured_image_src":{"full":["https:\/\/margrescolombia.com\/wp-content\/uploads\/2025\/07\/IMG-20250704-WA0020.jpg",200,302,false],"thumbnail":["https:\/\/margrescolombia.com\/wp-content\/uploads\/2025\/07\/IMG-20250704-WA0020-150x150.jpg",150,150,true],"medium":["https:\/\/margrescolombia.com\/wp-content\/uploads\/2025\/07\/IMG-20250704-WA0020-199x300.jpg",199,300,true],"medium_large":["https:\/\/margrescolombia.com\/wp-content\/uploads\/2025\/07\/IMG-20250704-WA0020.jpg",200,302,false],"large":["https:\/\/margrescolombia.com\/wp-content\/uploads\/2025\/07\/IMG-20250704-WA0020.jpg",200,302,false],"1536x1536":["https:\/\/margrescolombia.com\/wp-content\/uploads\/2025\/07\/IMG-20250704-WA0020.jpg",200,302,false],"2048x2048":["https:\/\/margrescolombia.com\/wp-content\/uploads\/2025\/07\/IMG-20250704-WA0020.jpg",200,302,false],"woocommerce_thumbnail":["https:\/\/margrescolombia.com\/wp-content\/uploads\/2025\/07\/IMG-20250704-WA0020-200x300.jpg",200,300,true],"woocommerce_single":["https:\/\/margrescolombia.com\/wp-content\/uploads\/2025\/07\/IMG-20250704-WA0020.jpg",200,302,false],"woocommerce_gallery_thumbnail":["https:\/\/margrescolombia.com\/wp-content\/uploads\/2025\/07\/IMG-20250704-WA0020-100x100.jpg",100,100,true]},"uagb_author_info":{"display_name":"Ashly","author_link":"https:\/\/margrescolombia.com\/index.php\/author\/"},"uagb_comment_info":11,"uagb_excerpt":"Teja Plana Roja Medidas: 30 x 20 cm Peso: 1,37 kg por u 32,8 kg por m\u00b2 Rendimiento: 24 und por m\u00b2","_links":{"self":[{"href":"https:\/\/margrescolombia.com\/index.php\/wp-json\/wp\/v2\/product\/1849"}],"collection":[{"href":"https:\/\/margrescolombia.com\/index.php\/wp-json\/wp\/v2\/product"}],"about":[{"href":"https:\/\/margrescolombia.com\/index.php\/wp-json\/wp\/v2\/types\/product"}],"replies":[{"embeddable":true,"href":"https:\/\/margrescolombia.com\/index.php\/wp-json\/wp\/v2\/comments?post=1849"}],"wp:featuredmedia":[{"embeddable":true,"href":"https:\/\/margrescolombia.com\/index.php\/wp-json\/wp\/v2\/media\/1850"}],"wp:attachment":[{"href":"https:\/\/margrescolombia.com\/index.php\/wp-json\/wp\/v2\/media?parent=1849"}],"wp:term":[{"taxonomy":"product_cat","embeddable":true,"href":"https:\/\/margrescolombia.com\/index.php\/wp-json\/wp\/v2\/product_cat?post=1849"},{"taxonomy":"product_tag","embeddable":true,"href":"https:\/\/margrescolombia.com\/index.php\/wp-json\/wp\/v2\/product_tag?post=1849"}],"curies":[{"name":"wp","href":"https:\/\/api.w.org\/{rel}","templated":true}]}}