{"id":1823,"date":"2025-07-04T18:16:39","date_gmt":"2025-07-04T18:16:39","guid":{"rendered":"https:\/\/margrescolombia.com\/?post_type=product&#038;p=1823"},"modified":"2025-07-04T18:16:39","modified_gmt":"2025-07-04T18:16:39","slug":"tabla-hexagono","status":"publish","type":"product","link":"https:\/\/margrescolombia.com\/index.php\/producto\/tabla-hexagono\/","title":{"rendered":"Tabla Hex\u00e1gono"},"content":{"rendered":"<p>Pieza de forma hexagonal utilizada en diferentes \u00e1reas, como decoraci\u00f3n, arquitectura, dise\u00f1o de interiores, o incluso en mosaicos. El patr\u00f3n geom\u00e9trico que forma, con sus seis lados sim\u00e9tricos, permite crear composiciones visuales \u00fanicas y arm\u00f3nicas, adecuada para \u00e1reas medianas o grandes, y su forma permite m\u00faltiples combinaciones con otras tabletas para formar una variedad de patrones y efectos visuales.<\/p>\n","protected":false},"excerpt":{"rendered":"<p>Tableta Hex\u00e1gono<\/p>\n<p>Medidas:<\/p>\n<p>30 x 30 cm<\/p>\n<p>Peso:<\/p>\n<p>20 kg<\/p>\n<p>Rendimiento:<\/p>\n<p>24 und por\u00b2<\/p>\n","protected":false},"featured_media":1824,"comment_status":"open","ping_status":"closed","template":"","meta":{"_uag_custom_page_level_css":"","site-sidebar-layout":"default","site-content-layout":"default","ast-global-header-display":"","ast-main-header-display":"","ast-hfb-above-header-display":"","ast-hfb-below-header-display":"","ast-hfb-mobile-header-display":"","site-post-title":"","ast-breadcrumbs-content":"","ast-featured-img":"","footer-sml-layout":"","theme-transparent-header-meta":"default","adv-header-id-meta":"","stick-header-meta":"","header-above-stick-meta":"","header-main-stick-meta":"","header-below-stick-meta":"","_joinchat":[],"jetpack_publicize_message":"","jetpack_is_tweetstorm":false,"jetpack_publicize_feature_enabled":true,"jetpack_social_post_already_shared":true,"jetpack_social_options":{"image_generator_settings":{"template":"highway","enabled":false}}},"product_cat":[28],"product_tag":[],"jetpack_publicize_connections":[],"uagb_featured_image_src":{"full":["https:\/\/margrescolombia.com\/wp-content\/uploads\/2025\/07\/IMG-20250704-WA0006.jpg",535,404,false],"thumbnail":["https:\/\/margrescolombia.com\/wp-content\/uploads\/2025\/07\/IMG-20250704-WA0006-150x150.jpg",150,150,true],"medium":["https:\/\/margrescolombia.com\/wp-content\/uploads\/2025\/07\/IMG-20250704-WA0006-300x227.jpg",300,227,true],"medium_large":["https:\/\/margrescolombia.com\/wp-content\/uploads\/2025\/07\/IMG-20250704-WA0006.jpg",535,404,false],"large":["https:\/\/margrescolombia.com\/wp-content\/uploads\/2025\/07\/IMG-20250704-WA0006.jpg",535,404,false],"1536x1536":["https:\/\/margrescolombia.com\/wp-content\/uploads\/2025\/07\/IMG-20250704-WA0006.jpg",535,404,false],"2048x2048":["https:\/\/margrescolombia.com\/wp-content\/uploads\/2025\/07\/IMG-20250704-WA0006.jpg",535,404,false],"woocommerce_thumbnail":["https:\/\/margrescolombia.com\/wp-content\/uploads\/2025\/07\/IMG-20250704-WA0006-300x300.jpg",300,300,true],"woocommerce_single":["https:\/\/margrescolombia.com\/wp-content\/uploads\/2025\/07\/IMG-20250704-WA0006.jpg",535,404,false],"woocommerce_gallery_thumbnail":["https:\/\/margrescolombia.com\/wp-content\/uploads\/2025\/07\/IMG-20250704-WA0006-100x100.jpg",100,100,true]},"uagb_author_info":{"display_name":"Ashly","author_link":"https:\/\/margrescolombia.com\/index.php\/author\/"},"uagb_comment_info":1,"uagb_excerpt":"Tableta Hex\u00e1gono Medidas: 30 x 30 cm Peso: 20 kg Rendimiento: 24 und por\u00b2","_links":{"self":[{"href":"https:\/\/margrescolombia.com\/index.php\/wp-json\/wp\/v2\/product\/1823"}],"collection":[{"href":"https:\/\/margrescolombia.com\/index.php\/wp-json\/wp\/v2\/product"}],"about":[{"href":"https:\/\/margrescolombia.com\/index.php\/wp-json\/wp\/v2\/types\/product"}],"replies":[{"embeddable":true,"href":"https:\/\/margrescolombia.com\/index.php\/wp-json\/wp\/v2\/comments?post=1823"}],"wp:featuredmedia":[{"embeddable":true,"href":"https:\/\/margrescolombia.com\/index.php\/wp-json\/wp\/v2\/media\/1824"}],"wp:attachment":[{"href":"https:\/\/margrescolombia.com\/index.php\/wp-json\/wp\/v2\/media?parent=1823"}],"wp:term":[{"taxonomy":"product_cat","embeddable":true,"href":"https:\/\/margrescolombia.com\/index.php\/wp-json\/wp\/v2\/product_cat?post=1823"},{"taxonomy":"product_tag","embeddable":true,"href":"https:\/\/margrescolombia.com\/index.php\/wp-json\/wp\/v2\/product_tag?post=1823"}],"curies":[{"name":"wp","href":"https:\/\/api.w.org\/{rel}","templated":true}]}}