{"id":1811,"date":"2025-07-04T17:48:08","date_gmt":"2025-07-04T17:48:08","guid":{"rendered":"https:\/\/margrescolombia.com\/?post_type=product&#038;p=1811"},"modified":"2025-07-04T17:48:08","modified_gmt":"2025-07-04T17:48:08","slug":"tableta-coral","status":"publish","type":"product","link":"https:\/\/margrescolombia.com\/index.php\/producto\/tableta-coral\/","title":{"rendered":"Tableta Coral"},"content":{"rendered":"<p>Ideal para revestimientos y detalles arquitect\u00f3nicos, es una opci\u00f3n eficiente para proyectos residenciales o comerciales que buscan un acabado elegante y org\u00e1nico.<\/p>\n","protected":false},"excerpt":{"rendered":"<p>Tableta Coral<\/p>\n<p>Medidas:<\/p>\n<p>30 x 30 cm<\/p>\n<p>Peso:<\/p>\n<p>23,5 kg<\/p>\n<p>Rendimiento:<\/p>\n<p>11 und por m\u00b2<\/p>\n","protected":false},"featured_media":1812,"comment_status":"open","ping_status":"closed","template":"","meta":{"_uag_custom_page_level_css":"","site-sidebar-layout":"default","site-content-layout":"default","ast-global-header-display":"","ast-main-header-display":"","ast-hfb-above-header-display":"","ast-hfb-below-header-display":"","ast-hfb-mobile-header-display":"","site-post-title":"","ast-breadcrumbs-content":"","ast-featured-img":"","footer-sml-layout":"","theme-transparent-header-meta":"default","adv-header-id-meta":"","stick-header-meta":"","header-above-stick-meta":"","header-main-stick-meta":"","header-below-stick-meta":"","_joinchat":[],"jetpack_publicize_message":"","jetpack_is_tweetstorm":false,"jetpack_publicize_feature_enabled":true,"jetpack_social_post_already_shared":true,"jetpack_social_options":{"image_generator_settings":{"template":"highway","enabled":false}}},"product_cat":[28],"product_tag":[],"jetpack_publicize_connections":[],"uagb_featured_image_src":{"full":["https:\/\/margrescolombia.com\/wp-content\/uploads\/2025\/07\/IMG-20250704-WA0005.jpg",254,264,false],"thumbnail":["https:\/\/margrescolombia.com\/wp-content\/uploads\/2025\/07\/IMG-20250704-WA0005-150x150.jpg",150,150,true],"medium":["https:\/\/margrescolombia.com\/wp-content\/uploads\/2025\/07\/IMG-20250704-WA0005.jpg",254,264,false],"medium_large":["https:\/\/margrescolombia.com\/wp-content\/uploads\/2025\/07\/IMG-20250704-WA0005.jpg",254,264,false],"large":["https:\/\/margrescolombia.com\/wp-content\/uploads\/2025\/07\/IMG-20250704-WA0005.jpg",254,264,false],"1536x1536":["https:\/\/margrescolombia.com\/wp-content\/uploads\/2025\/07\/IMG-20250704-WA0005.jpg",254,264,false],"2048x2048":["https:\/\/margrescolombia.com\/wp-content\/uploads\/2025\/07\/IMG-20250704-WA0005.jpg",254,264,false],"woocommerce_thumbnail":["https:\/\/margrescolombia.com\/wp-content\/uploads\/2025\/07\/IMG-20250704-WA0005.jpg",254,264,false],"woocommerce_single":["https:\/\/margrescolombia.com\/wp-content\/uploads\/2025\/07\/IMG-20250704-WA0005.jpg",254,264,false],"woocommerce_gallery_thumbnail":["https:\/\/margrescolombia.com\/wp-content\/uploads\/2025\/07\/IMG-20250704-WA0005-100x100.jpg",100,100,true]},"uagb_author_info":{"display_name":"Ashly","author_link":"https:\/\/margrescolombia.com\/index.php\/author\/"},"uagb_comment_info":0,"uagb_excerpt":"Tableta Coral Medidas: 30 x 30 cm Peso: 23,5 kg Rendimiento: 11 und por m\u00b2","_links":{"self":[{"href":"https:\/\/margrescolombia.com\/index.php\/wp-json\/wp\/v2\/product\/1811"}],"collection":[{"href":"https:\/\/margrescolombia.com\/index.php\/wp-json\/wp\/v2\/product"}],"about":[{"href":"https:\/\/margrescolombia.com\/index.php\/wp-json\/wp\/v2\/types\/product"}],"replies":[{"embeddable":true,"href":"https:\/\/margrescolombia.com\/index.php\/wp-json\/wp\/v2\/comments?post=1811"}],"wp:featuredmedia":[{"embeddable":true,"href":"https:\/\/margrescolombia.com\/index.php\/wp-json\/wp\/v2\/media\/1812"}],"wp:attachment":[{"href":"https:\/\/margrescolombia.com\/index.php\/wp-json\/wp\/v2\/media?parent=1811"}],"wp:term":[{"taxonomy":"product_cat","embeddable":true,"href":"https:\/\/margrescolombia.com\/index.php\/wp-json\/wp\/v2\/product_cat?post=1811"},{"taxonomy":"product_tag","embeddable":true,"href":"https:\/\/margrescolombia.com\/index.php\/wp-json\/wp\/v2\/product_tag?post=1811"}],"curies":[{"name":"wp","href":"https:\/\/api.w.org\/{rel}","templated":true}]}}