{"id":1801,"date":"2025-07-02T18:45:14","date_gmt":"2025-07-02T18:45:14","guid":{"rendered":"https:\/\/margrescolombia.com\/?post_type=product&#038;p=1801"},"modified":"2025-07-02T18:45:14","modified_gmt":"2025-07-02T18:45:14","slug":"desmanchador","status":"publish","type":"product","link":"https:\/\/margrescolombia.com\/index.php\/producto\/desmanchador\/","title":{"rendered":"Desmanchador"},"content":{"rendered":"<p>Formulado para eliminar eficazmente manchas dif\u00edciles en superficies como cer\u00e1mica, piedra, concreto y otros revestimientos. Su acci\u00f3n profunda remueve suciedad incrustada, residuos de obra y restos de humedad, dejando las superficies limpias y listas para su protecci\u00f3n o uso final.<\/p>\n","protected":false},"excerpt":{"rendered":"<p>Ultra clean<\/p>\n<p>1 gal\u00f3n<\/p>\n","protected":false},"featured_media":1802,"comment_status":"open","ping_status":"closed","template":"","meta":{"_uag_custom_page_level_css":"","site-sidebar-layout":"default","site-content-layout":"default","ast-global-header-display":"","ast-main-header-display":"","ast-hfb-above-header-display":"","ast-hfb-below-header-display":"","ast-hfb-mobile-header-display":"","site-post-title":"","ast-breadcrumbs-content":"","ast-featured-img":"","footer-sml-layout":"","theme-transparent-header-meta":"default","adv-header-id-meta":"","stick-header-meta":"","header-above-stick-meta":"","header-main-stick-meta":"","header-below-stick-meta":"","_joinchat":[],"jetpack_publicize_message":"","jetpack_is_tweetstorm":false,"jetpack_publicize_feature_enabled":true,"jetpack_social_post_already_shared":true,"jetpack_social_options":{"image_generator_settings":{"template":"highway","enabled":false}}},"product_cat":[50],"product_tag":[],"jetpack_publicize_connections":[],"uagb_featured_image_src":{"full":["https:\/\/margrescolombia.com\/wp-content\/uploads\/2025\/07\/WhatsApp-Image-2025-07-02-at-1.31.39-PM.jpeg",1024,1280,false],"thumbnail":["https:\/\/margrescolombia.com\/wp-content\/uploads\/2025\/07\/WhatsApp-Image-2025-07-02-at-1.31.39-PM-150x150.jpeg",150,150,true],"medium":["https:\/\/margrescolombia.com\/wp-content\/uploads\/2025\/07\/WhatsApp-Image-2025-07-02-at-1.31.39-PM-240x300.jpeg",240,300,true],"medium_large":["https:\/\/margrescolombia.com\/wp-content\/uploads\/2025\/07\/WhatsApp-Image-2025-07-02-at-1.31.39-PM-768x960.jpeg",768,960,true],"large":["https:\/\/margrescolombia.com\/wp-content\/uploads\/2025\/07\/WhatsApp-Image-2025-07-02-at-1.31.39-PM-819x1024.jpeg",819,1024,true],"1536x1536":["https:\/\/margrescolombia.com\/wp-content\/uploads\/2025\/07\/WhatsApp-Image-2025-07-02-at-1.31.39-PM.jpeg",1024,1280,false],"2048x2048":["https:\/\/margrescolombia.com\/wp-content\/uploads\/2025\/07\/WhatsApp-Image-2025-07-02-at-1.31.39-PM.jpeg",1024,1280,false],"woocommerce_thumbnail":["https:\/\/margrescolombia.com\/wp-content\/uploads\/2025\/07\/WhatsApp-Image-2025-07-02-at-1.31.39-PM-300x300.jpeg",300,300,true],"woocommerce_single":["https:\/\/margrescolombia.com\/wp-content\/uploads\/2025\/07\/WhatsApp-Image-2025-07-02-at-1.31.39-PM-600x750.jpeg",600,750,true],"woocommerce_gallery_thumbnail":["https:\/\/margrescolombia.com\/wp-content\/uploads\/2025\/07\/WhatsApp-Image-2025-07-02-at-1.31.39-PM-100x100.jpeg",100,100,true]},"uagb_author_info":{"display_name":"Ashly","author_link":"https:\/\/margrescolombia.com\/index.php\/author\/"},"uagb_comment_info":0,"uagb_excerpt":"Ultra clean 1 gal\u00f3n","_links":{"self":[{"href":"https:\/\/margrescolombia.com\/index.php\/wp-json\/wp\/v2\/product\/1801"}],"collection":[{"href":"https:\/\/margrescolombia.com\/index.php\/wp-json\/wp\/v2\/product"}],"about":[{"href":"https:\/\/margrescolombia.com\/index.php\/wp-json\/wp\/v2\/types\/product"}],"replies":[{"embeddable":true,"href":"https:\/\/margrescolombia.com\/index.php\/wp-json\/wp\/v2\/comments?post=1801"}],"wp:featuredmedia":[{"embeddable":true,"href":"https:\/\/margrescolombia.com\/index.php\/wp-json\/wp\/v2\/media\/1802"}],"wp:attachment":[{"href":"https:\/\/margrescolombia.com\/index.php\/wp-json\/wp\/v2\/media?parent=1801"}],"wp:term":[{"taxonomy":"product_cat","embeddable":true,"href":"https:\/\/margrescolombia.com\/index.php\/wp-json\/wp\/v2\/product_cat?post=1801"},{"taxonomy":"product_tag","embeddable":true,"href":"https:\/\/margrescolombia.com\/index.php\/wp-json\/wp\/v2\/product_tag?post=1801"}],"curies":[{"name":"wp","href":"https:\/\/api.w.org\/{rel}","templated":true}]}}