{"id":1779,"date":"2025-06-28T17:15:53","date_gmt":"2025-06-28T17:15:53","guid":{"rendered":"https:\/\/margrescolombia.com\/?post_type=product&#038;p=1779"},"modified":"2025-12-17T16:07:30","modified_gmt":"2025-12-17T16:07:30","slug":"bloque-estructural","status":"publish","type":"product","link":"https:\/\/margrescolombia.com\/index.php\/producto\/bloque-estructural\/","title":{"rendered":"Bloque Estructural"},"content":{"rendered":"<p data-start=\"131\" data-end=\"545\">Dise\u00f1ada para la construcci\u00f3n de muros resistentes y duraderos. Su tama\u00f1o compacto lo hace ideal para estructuras que requieren solidez en espacios reducidos o para reforzar zonas espec\u00edficas. Gracias a su alta resistencia y facilidad de colocaci\u00f3n, es una soluci\u00f3n eficiente para edificaciones residenciales, comerciales e industriales.<\/p>\n","protected":false},"excerpt":{"rendered":"<p>Bloque Estructural<\/p>\n<p>Medidas:<\/p>\n<p>11 x 11.5 x 33 cm<\/p>\n","protected":false},"featured_media":1780,"comment_status":"open","ping_status":"closed","template":"","meta":{"_uag_custom_page_level_css":"","site-sidebar-layout":"default","site-content-layout":"default","ast-global-header-display":"","ast-main-header-display":"","ast-hfb-above-header-display":"","ast-hfb-below-header-display":"","ast-hfb-mobile-header-display":"","site-post-title":"","ast-breadcrumbs-content":"","ast-featured-img":"","footer-sml-layout":"","theme-transparent-header-meta":"default","adv-header-id-meta":"","stick-header-meta":"","header-above-stick-meta":"","header-main-stick-meta":"","header-below-stick-meta":"","_joinchat":[],"jetpack_publicize_message":"","jetpack_is_tweetstorm":false,"jetpack_publicize_feature_enabled":true,"jetpack_social_post_already_shared":true,"jetpack_social_options":{"image_generator_settings":{"template":"highway","enabled":false}}},"product_cat":[59],"product_tag":[],"jetpack_publicize_connections":[],"uagb_featured_image_src":{"full":["https:\/\/margrescolombia.com\/wp-content\/uploads\/2025\/06\/WhatsApp-Image-2025-06-28-at-11.37.43-AM.jpeg",379,272,false],"thumbnail":["https:\/\/margrescolombia.com\/wp-content\/uploads\/2025\/06\/WhatsApp-Image-2025-06-28-at-11.37.43-AM-150x150.jpeg",150,150,true],"medium":["https:\/\/margrescolombia.com\/wp-content\/uploads\/2025\/06\/WhatsApp-Image-2025-06-28-at-11.37.43-AM-300x215.jpeg",300,215,true],"medium_large":["https:\/\/margrescolombia.com\/wp-content\/uploads\/2025\/06\/WhatsApp-Image-2025-06-28-at-11.37.43-AM.jpeg",379,272,false],"large":["https:\/\/margrescolombia.com\/wp-content\/uploads\/2025\/06\/WhatsApp-Image-2025-06-28-at-11.37.43-AM.jpeg",379,272,false],"1536x1536":["https:\/\/margrescolombia.com\/wp-content\/uploads\/2025\/06\/WhatsApp-Image-2025-06-28-at-11.37.43-AM.jpeg",379,272,false],"2048x2048":["https:\/\/margrescolombia.com\/wp-content\/uploads\/2025\/06\/WhatsApp-Image-2025-06-28-at-11.37.43-AM.jpeg",379,272,false],"woocommerce_thumbnail":["https:\/\/margrescolombia.com\/wp-content\/uploads\/2025\/06\/WhatsApp-Image-2025-06-28-at-11.37.43-AM-300x272.jpeg",300,272,true],"woocommerce_single":["https:\/\/margrescolombia.com\/wp-content\/uploads\/2025\/06\/WhatsApp-Image-2025-06-28-at-11.37.43-AM.jpeg",379,272,false],"woocommerce_gallery_thumbnail":["https:\/\/margrescolombia.com\/wp-content\/uploads\/2025\/06\/WhatsApp-Image-2025-06-28-at-11.37.43-AM-100x100.jpeg",100,100,true]},"uagb_author_info":{"display_name":"Ashly","author_link":"https:\/\/margrescolombia.com\/index.php\/author\/"},"uagb_comment_info":1,"uagb_excerpt":"Bloque Estructural Medidas: 11 x 11.5 x 33 cm","_links":{"self":[{"href":"https:\/\/margrescolombia.com\/index.php\/wp-json\/wp\/v2\/product\/1779"}],"collection":[{"href":"https:\/\/margrescolombia.com\/index.php\/wp-json\/wp\/v2\/product"}],"about":[{"href":"https:\/\/margrescolombia.com\/index.php\/wp-json\/wp\/v2\/types\/product"}],"replies":[{"embeddable":true,"href":"https:\/\/margrescolombia.com\/index.php\/wp-json\/wp\/v2\/comments?post=1779"}],"wp:featuredmedia":[{"embeddable":true,"href":"https:\/\/margrescolombia.com\/index.php\/wp-json\/wp\/v2\/media\/1780"}],"wp:attachment":[{"href":"https:\/\/margrescolombia.com\/index.php\/wp-json\/wp\/v2\/media?parent=1779"}],"wp:term":[{"taxonomy":"product_cat","embeddable":true,"href":"https:\/\/margrescolombia.com\/index.php\/wp-json\/wp\/v2\/product_cat?post=1779"},{"taxonomy":"product_tag","embeddable":true,"href":"https:\/\/margrescolombia.com\/index.php\/wp-json\/wp\/v2\/product_tag?post=1779"}],"curies":[{"name":"wp","href":"https:\/\/api.w.org\/{rel}","templated":true}]}}