{"id":1773,"date":"2025-06-28T16:54:13","date_gmt":"2025-06-28T16:54:13","guid":{"rendered":"https:\/\/margrescolombia.com\/?post_type=product&#038;p=1773"},"modified":"2025-06-28T16:54:13","modified_gmt":"2025-06-28T16:54:13","slug":"bloque-h10","status":"publish","type":"product","link":"https:\/\/margrescolombia.com\/index.php\/producto\/bloque-h10\/","title":{"rendered":"Bloque H10"},"content":{"rendered":"<p>&nbsp;<\/p>\n<p data-start=\"123\" data-end=\"614\">Ofrece versatilidad seg\u00fan los requerimientos del proyecto. Su forma con cavidades permite el paso de instalaciones y el refuerzo con varilla y mortero, facilitando una construcci\u00f3n m\u00e1s r\u00e1pida, eficiente y resistente. Ideal para obras residenciales, comerciales e institucionales.<\/p>\n","protected":false},"excerpt":{"rendered":"<p>Bloque H10<\/p>\n<p>Medidas:<\/p>\n<p>10 x 20 x 30 cm<br \/>\n10 x 20 x 15 cm<\/p>\n","protected":false},"featured_media":1774,"comment_status":"open","ping_status":"closed","template":"","meta":{"_uag_custom_page_level_css":"","site-sidebar-layout":"default","site-content-layout":"default","ast-global-header-display":"","ast-main-header-display":"","ast-hfb-above-header-display":"","ast-hfb-below-header-display":"","ast-hfb-mobile-header-display":"","site-post-title":"","ast-breadcrumbs-content":"","ast-featured-img":"","footer-sml-layout":"","theme-transparent-header-meta":"default","adv-header-id-meta":"","stick-header-meta":"","header-above-stick-meta":"","header-main-stick-meta":"","header-below-stick-meta":"","_joinchat":[],"jetpack_publicize_message":"","jetpack_is_tweetstorm":false,"jetpack_publicize_feature_enabled":true,"jetpack_social_post_already_shared":true,"jetpack_social_options":{"image_generator_settings":{"template":"highway","enabled":false}}},"product_cat":[59],"product_tag":[],"jetpack_publicize_connections":[],"uagb_featured_image_src":{"full":["https:\/\/margrescolombia.com\/wp-content\/uploads\/2025\/06\/WhatsApp-Image-2025-06-28-at-11.35.52-AM.jpeg",401,455,false],"thumbnail":["https:\/\/margrescolombia.com\/wp-content\/uploads\/2025\/06\/WhatsApp-Image-2025-06-28-at-11.35.52-AM-150x150.jpeg",150,150,true],"medium":["https:\/\/margrescolombia.com\/wp-content\/uploads\/2025\/06\/WhatsApp-Image-2025-06-28-at-11.35.52-AM-264x300.jpeg",264,300,true],"medium_large":["https:\/\/margrescolombia.com\/wp-content\/uploads\/2025\/06\/WhatsApp-Image-2025-06-28-at-11.35.52-AM.jpeg",401,455,false],"large":["https:\/\/margrescolombia.com\/wp-content\/uploads\/2025\/06\/WhatsApp-Image-2025-06-28-at-11.35.52-AM.jpeg",401,455,false],"1536x1536":["https:\/\/margrescolombia.com\/wp-content\/uploads\/2025\/06\/WhatsApp-Image-2025-06-28-at-11.35.52-AM.jpeg",401,455,false],"2048x2048":["https:\/\/margrescolombia.com\/wp-content\/uploads\/2025\/06\/WhatsApp-Image-2025-06-28-at-11.35.52-AM.jpeg",401,455,false],"woocommerce_thumbnail":["https:\/\/margrescolombia.com\/wp-content\/uploads\/2025\/06\/WhatsApp-Image-2025-06-28-at-11.35.52-AM-300x300.jpeg",300,300,true],"woocommerce_single":["https:\/\/margrescolombia.com\/wp-content\/uploads\/2025\/06\/WhatsApp-Image-2025-06-28-at-11.35.52-AM.jpeg",401,455,false],"woocommerce_gallery_thumbnail":["https:\/\/margrescolombia.com\/wp-content\/uploads\/2025\/06\/WhatsApp-Image-2025-06-28-at-11.35.52-AM-100x100.jpeg",100,100,true]},"uagb_author_info":{"display_name":"Ashly","author_link":"https:\/\/margrescolombia.com\/index.php\/author\/"},"uagb_comment_info":0,"uagb_excerpt":"Bloque H10 Medidas: 10 x 20 x 30 cm 10 x 20 x 15 cm","_links":{"self":[{"href":"https:\/\/margrescolombia.com\/index.php\/wp-json\/wp\/v2\/product\/1773"}],"collection":[{"href":"https:\/\/margrescolombia.com\/index.php\/wp-json\/wp\/v2\/product"}],"about":[{"href":"https:\/\/margrescolombia.com\/index.php\/wp-json\/wp\/v2\/types\/product"}],"replies":[{"embeddable":true,"href":"https:\/\/margrescolombia.com\/index.php\/wp-json\/wp\/v2\/comments?post=1773"}],"wp:featuredmedia":[{"embeddable":true,"href":"https:\/\/margrescolombia.com\/index.php\/wp-json\/wp\/v2\/media\/1774"}],"wp:attachment":[{"href":"https:\/\/margrescolombia.com\/index.php\/wp-json\/wp\/v2\/media?parent=1773"}],"wp:term":[{"taxonomy":"product_cat","embeddable":true,"href":"https:\/\/margrescolombia.com\/index.php\/wp-json\/wp\/v2\/product_cat?post=1773"},{"taxonomy":"product_tag","embeddable":true,"href":"https:\/\/margrescolombia.com\/index.php\/wp-json\/wp\/v2\/product_tag?post=1773"}],"curies":[{"name":"wp","href":"https:\/\/api.w.org\/{rel}","templated":true}]}}