{"id":1760,"date":"2025-06-28T14:44:20","date_gmt":"2025-06-28T14:44:20","guid":{"rendered":"https:\/\/margrescolombia.com\/?post_type=product&#038;p=1760"},"modified":"2025-06-28T14:44:21","modified_gmt":"2025-06-28T14:44:21","slug":"escalon-de-escalera-arena","status":"publish","type":"product","link":"https:\/\/margrescolombia.com\/index.php\/producto\/escalon-de-escalera-arena\/","title":{"rendered":"Escal\u00f3n De Escalera Arena"},"content":{"rendered":"<p data-start=\"157\" data-end=\"658\">Brindando continuidad est\u00e9tica y un acabado seguro. Su tono arena ofrece una apariencia suave y natural, ideal para combinar con escalones principales del mismo dise\u00f1o. Fabricado en cer\u00e1mica resistente, es apto para uso en interiores o exteriores, proporcionando durabilidad y armon\u00eda visual en escaleras residenciales o comerciales.<\/p>\n","protected":false},"excerpt":{"rendered":"<p>Accesorio Escal\u00f3n De Escalera Arena<\/p>\n<p>Medidas:<\/p>\n<p>6,5 x 30 cm (2,1 x 12IN.)<\/p>\n","protected":false},"featured_media":1761,"comment_status":"open","ping_status":"closed","template":"","meta":{"_uag_custom_page_level_css":"","site-sidebar-layout":"default","site-content-layout":"default","ast-global-header-display":"","ast-main-header-display":"","ast-hfb-above-header-display":"","ast-hfb-below-header-display":"","ast-hfb-mobile-header-display":"","site-post-title":"","ast-breadcrumbs-content":"","ast-featured-img":"","footer-sml-layout":"","theme-transparent-header-meta":"default","adv-header-id-meta":"","stick-header-meta":"","header-above-stick-meta":"","header-main-stick-meta":"","header-below-stick-meta":"","_joinchat":[],"jetpack_publicize_message":"","jetpack_is_tweetstorm":false,"jetpack_publicize_feature_enabled":true,"jetpack_social_post_already_shared":true,"jetpack_social_options":{"image_generator_settings":{"template":"highway","enabled":false}}},"product_cat":[57],"product_tag":[],"jetpack_publicize_connections":[],"uagb_featured_image_src":{"full":["https:\/\/margrescolombia.com\/wp-content\/uploads\/2025\/06\/WhatsApp-Image-2025-06-27-at-3.36.54-PM.jpeg",218,127,false],"thumbnail":["https:\/\/margrescolombia.com\/wp-content\/uploads\/2025\/06\/WhatsApp-Image-2025-06-27-at-3.36.54-PM-150x127.jpeg",150,127,true],"medium":["https:\/\/margrescolombia.com\/wp-content\/uploads\/2025\/06\/WhatsApp-Image-2025-06-27-at-3.36.54-PM.jpeg",218,127,false],"medium_large":["https:\/\/margrescolombia.com\/wp-content\/uploads\/2025\/06\/WhatsApp-Image-2025-06-27-at-3.36.54-PM.jpeg",218,127,false],"large":["https:\/\/margrescolombia.com\/wp-content\/uploads\/2025\/06\/WhatsApp-Image-2025-06-27-at-3.36.54-PM.jpeg",218,127,false],"1536x1536":["https:\/\/margrescolombia.com\/wp-content\/uploads\/2025\/06\/WhatsApp-Image-2025-06-27-at-3.36.54-PM.jpeg",218,127,false],"2048x2048":["https:\/\/margrescolombia.com\/wp-content\/uploads\/2025\/06\/WhatsApp-Image-2025-06-27-at-3.36.54-PM.jpeg",218,127,false],"woocommerce_thumbnail":["https:\/\/margrescolombia.com\/wp-content\/uploads\/2025\/06\/WhatsApp-Image-2025-06-27-at-3.36.54-PM.jpeg",218,127,false],"woocommerce_single":["https:\/\/margrescolombia.com\/wp-content\/uploads\/2025\/06\/WhatsApp-Image-2025-06-27-at-3.36.54-PM.jpeg",218,127,false],"woocommerce_gallery_thumbnail":["https:\/\/margrescolombia.com\/wp-content\/uploads\/2025\/06\/WhatsApp-Image-2025-06-27-at-3.36.54-PM-100x100.jpeg",100,100,true]},"uagb_author_info":{"display_name":"Ashly","author_link":"https:\/\/margrescolombia.com\/index.php\/author\/"},"uagb_comment_info":0,"uagb_excerpt":"Accesorio Escal\u00f3n De Escalera Arena Medidas: 6,5 x 30 cm (2,1 x 12IN.)","_links":{"self":[{"href":"https:\/\/margrescolombia.com\/index.php\/wp-json\/wp\/v2\/product\/1760"}],"collection":[{"href":"https:\/\/margrescolombia.com\/index.php\/wp-json\/wp\/v2\/product"}],"about":[{"href":"https:\/\/margrescolombia.com\/index.php\/wp-json\/wp\/v2\/types\/product"}],"replies":[{"embeddable":true,"href":"https:\/\/margrescolombia.com\/index.php\/wp-json\/wp\/v2\/comments?post=1760"}],"wp:featuredmedia":[{"embeddable":true,"href":"https:\/\/margrescolombia.com\/index.php\/wp-json\/wp\/v2\/media\/1761"}],"wp:attachment":[{"href":"https:\/\/margrescolombia.com\/index.php\/wp-json\/wp\/v2\/media?parent=1760"}],"wp:term":[{"taxonomy":"product_cat","embeddable":true,"href":"https:\/\/margrescolombia.com\/index.php\/wp-json\/wp\/v2\/product_cat?post=1760"},{"taxonomy":"product_tag","embeddable":true,"href":"https:\/\/margrescolombia.com\/index.php\/wp-json\/wp\/v2\/product_tag?post=1760"}],"curies":[{"name":"wp","href":"https:\/\/api.w.org\/{rel}","templated":true}]}}