{"id":1736,"date":"2025-06-27T19:59:44","date_gmt":"2025-06-27T19:59:44","guid":{"rendered":"https:\/\/margrescolombia.com\/?post_type=product&#038;p=1736"},"modified":"2025-06-27T19:59:44","modified_gmt":"2025-06-27T19:59:44","slug":"mosaico-uraba","status":"publish","type":"product","link":"https:\/\/margrescolombia.com\/index.php\/producto\/mosaico-uraba\/","title":{"rendered":"Mosaico Uraba"},"content":{"rendered":"<p>Acabado r\u00fastico y tonalidades c\u00e1lidas que evocan un estilo org\u00e1nico y acogedor. Su dise\u00f1o alargado lo hace ideal para muros decorativos en interiores y exteriores, aportando textura, calidez y un toque artesanal al ambiente.<\/p>\n","protected":false},"excerpt":{"rendered":"<p>Mosaico Uraba<\/p>\n<p>Medidas:<\/p>\n<p>7 x 27 cm<\/p>\n","protected":false},"featured_media":1737,"comment_status":"open","ping_status":"closed","template":"","meta":{"_uag_custom_page_level_css":"","site-sidebar-layout":"default","site-content-layout":"default","ast-global-header-display":"","ast-main-header-display":"","ast-hfb-above-header-display":"","ast-hfb-below-header-display":"","ast-hfb-mobile-header-display":"","site-post-title":"","ast-breadcrumbs-content":"","ast-featured-img":"","footer-sml-layout":"","theme-transparent-header-meta":"default","adv-header-id-meta":"","stick-header-meta":"","header-above-stick-meta":"","header-main-stick-meta":"","header-below-stick-meta":"","_joinchat":[],"jetpack_publicize_message":"","jetpack_is_tweetstorm":false,"jetpack_publicize_feature_enabled":true,"jetpack_social_post_already_shared":true,"jetpack_social_options":{"image_generator_settings":{"template":"highway","enabled":false}}},"product_cat":[54],"product_tag":[],"jetpack_publicize_connections":[],"uagb_featured_image_src":{"full":["https:\/\/margrescolombia.com\/wp-content\/uploads\/2025\/06\/WhatsApp-Image-2025-06-27-at-1.55.29-PM.jpeg",520,148,false],"thumbnail":["https:\/\/margrescolombia.com\/wp-content\/uploads\/2025\/06\/WhatsApp-Image-2025-06-27-at-1.55.29-PM-150x148.jpeg",150,148,true],"medium":["https:\/\/margrescolombia.com\/wp-content\/uploads\/2025\/06\/WhatsApp-Image-2025-06-27-at-1.55.29-PM-300x85.jpeg",300,85,true],"medium_large":["https:\/\/margrescolombia.com\/wp-content\/uploads\/2025\/06\/WhatsApp-Image-2025-06-27-at-1.55.29-PM.jpeg",520,148,false],"large":["https:\/\/margrescolombia.com\/wp-content\/uploads\/2025\/06\/WhatsApp-Image-2025-06-27-at-1.55.29-PM.jpeg",520,148,false],"1536x1536":["https:\/\/margrescolombia.com\/wp-content\/uploads\/2025\/06\/WhatsApp-Image-2025-06-27-at-1.55.29-PM.jpeg",520,148,false],"2048x2048":["https:\/\/margrescolombia.com\/wp-content\/uploads\/2025\/06\/WhatsApp-Image-2025-06-27-at-1.55.29-PM.jpeg",520,148,false],"woocommerce_thumbnail":["https:\/\/margrescolombia.com\/wp-content\/uploads\/2025\/06\/WhatsApp-Image-2025-06-27-at-1.55.29-PM-300x148.jpeg",300,148,true],"woocommerce_single":["https:\/\/margrescolombia.com\/wp-content\/uploads\/2025\/06\/WhatsApp-Image-2025-06-27-at-1.55.29-PM.jpeg",520,148,false],"woocommerce_gallery_thumbnail":["https:\/\/margrescolombia.com\/wp-content\/uploads\/2025\/06\/WhatsApp-Image-2025-06-27-at-1.55.29-PM-100x100.jpeg",100,100,true]},"uagb_author_info":{"display_name":"Ashly","author_link":"https:\/\/margrescolombia.com\/index.php\/author\/"},"uagb_comment_info":0,"uagb_excerpt":"Mosaico Uraba Medidas: 7 x 27 cm","_links":{"self":[{"href":"https:\/\/margrescolombia.com\/index.php\/wp-json\/wp\/v2\/product\/1736"}],"collection":[{"href":"https:\/\/margrescolombia.com\/index.php\/wp-json\/wp\/v2\/product"}],"about":[{"href":"https:\/\/margrescolombia.com\/index.php\/wp-json\/wp\/v2\/types\/product"}],"replies":[{"embeddable":true,"href":"https:\/\/margrescolombia.com\/index.php\/wp-json\/wp\/v2\/comments?post=1736"}],"wp:featuredmedia":[{"embeddable":true,"href":"https:\/\/margrescolombia.com\/index.php\/wp-json\/wp\/v2\/media\/1737"}],"wp:attachment":[{"href":"https:\/\/margrescolombia.com\/index.php\/wp-json\/wp\/v2\/media?parent=1736"}],"wp:term":[{"taxonomy":"product_cat","embeddable":true,"href":"https:\/\/margrescolombia.com\/index.php\/wp-json\/wp\/v2\/product_cat?post=1736"},{"taxonomy":"product_tag","embeddable":true,"href":"https:\/\/margrescolombia.com\/index.php\/wp-json\/wp\/v2\/product_tag?post=1736"}],"curies":[{"name":"wp","href":"https:\/\/api.w.org\/{rel}","templated":true}]}}