{"id":1625,"date":"2025-06-19T13:54:12","date_gmt":"2025-06-19T13:54:12","guid":{"rendered":"https:\/\/margrescolombia.com\/?post_type=product&#038;p=1625"},"modified":"2025-06-19T13:54:12","modified_gmt":"2025-06-19T13:54:12","slug":"tunja-arena","status":"publish","type":"product","link":"https:\/\/margrescolombia.com\/index.php\/producto\/tunja-arena\/","title":{"rendered":"Tunja Arena"},"content":{"rendered":"<p data-start=\"103\" data-end=\"525\">Es un revestimiento decorativo de aspecto r\u00fastico y natural, ideal para muros interiores o exteriores. Su tonalidad arena brinda calidez y elegancia, imitando la piedra natural con gran realismo. Su formato cuadrado facilita la instalaci\u00f3n y permite lograr dise\u00f1os modulares y arm\u00f3nicos en fachadas, muros decorativos, chimeneas o jardines.<\/p>\n","protected":false},"excerpt":{"rendered":"<p>Fachaleta Tunja Arena<\/p>\n<p>Medidas:<\/p>\n<p>10 x 10 cm<\/p>\n<p>10 x 20 cm<\/p>\n<p>&nbsp;<\/p>\n","protected":false},"featured_media":1627,"comment_status":"open","ping_status":"closed","template":"","meta":{"_uag_custom_page_level_css":"","site-sidebar-layout":"default","site-content-layout":"default","ast-global-header-display":"","ast-main-header-display":"","ast-hfb-above-header-display":"","ast-hfb-below-header-display":"","ast-hfb-mobile-header-display":"","site-post-title":"","ast-breadcrumbs-content":"","ast-featured-img":"","footer-sml-layout":"","theme-transparent-header-meta":"default","adv-header-id-meta":"","stick-header-meta":"","header-above-stick-meta":"","header-main-stick-meta":"","header-below-stick-meta":"","_joinchat":[],"jetpack_publicize_message":"","jetpack_is_tweetstorm":false,"jetpack_publicize_feature_enabled":true,"jetpack_social_post_already_shared":true,"jetpack_social_options":{"image_generator_settings":{"template":"highway","enabled":false}}},"product_cat":[22],"product_tag":[],"jetpack_publicize_connections":[],"uagb_featured_image_src":{"full":["https:\/\/margrescolombia.com\/wp-content\/uploads\/2025\/06\/WhatsApp-Image-2025-06-18-at-1.41.06-PM.jpeg",321,329,false],"thumbnail":["https:\/\/margrescolombia.com\/wp-content\/uploads\/2025\/06\/WhatsApp-Image-2025-06-18-at-1.41.06-PM-150x150.jpeg",150,150,true],"medium":["https:\/\/margrescolombia.com\/wp-content\/uploads\/2025\/06\/WhatsApp-Image-2025-06-18-at-1.41.06-PM-293x300.jpeg",293,300,true],"medium_large":["https:\/\/margrescolombia.com\/wp-content\/uploads\/2025\/06\/WhatsApp-Image-2025-06-18-at-1.41.06-PM.jpeg",321,329,false],"large":["https:\/\/margrescolombia.com\/wp-content\/uploads\/2025\/06\/WhatsApp-Image-2025-06-18-at-1.41.06-PM.jpeg",321,329,false],"1536x1536":["https:\/\/margrescolombia.com\/wp-content\/uploads\/2025\/06\/WhatsApp-Image-2025-06-18-at-1.41.06-PM.jpeg",321,329,false],"2048x2048":["https:\/\/margrescolombia.com\/wp-content\/uploads\/2025\/06\/WhatsApp-Image-2025-06-18-at-1.41.06-PM.jpeg",321,329,false],"woocommerce_thumbnail":["https:\/\/margrescolombia.com\/wp-content\/uploads\/2025\/06\/WhatsApp-Image-2025-06-18-at-1.41.06-PM-300x300.jpeg",300,300,true],"woocommerce_single":["https:\/\/margrescolombia.com\/wp-content\/uploads\/2025\/06\/WhatsApp-Image-2025-06-18-at-1.41.06-PM.jpeg",321,329,false],"woocommerce_gallery_thumbnail":["https:\/\/margrescolombia.com\/wp-content\/uploads\/2025\/06\/WhatsApp-Image-2025-06-18-at-1.41.06-PM-100x100.jpeg",100,100,true]},"uagb_author_info":{"display_name":"Ashly","author_link":"https:\/\/margrescolombia.com\/index.php\/author\/"},"uagb_comment_info":0,"uagb_excerpt":"Fachaleta Tunja Arena Medidas: 10 x 10 cm 10 x 20 cm &nbsp;","_links":{"self":[{"href":"https:\/\/margrescolombia.com\/index.php\/wp-json\/wp\/v2\/product\/1625"}],"collection":[{"href":"https:\/\/margrescolombia.com\/index.php\/wp-json\/wp\/v2\/product"}],"about":[{"href":"https:\/\/margrescolombia.com\/index.php\/wp-json\/wp\/v2\/types\/product"}],"replies":[{"embeddable":true,"href":"https:\/\/margrescolombia.com\/index.php\/wp-json\/wp\/v2\/comments?post=1625"}],"wp:featuredmedia":[{"embeddable":true,"href":"https:\/\/margrescolombia.com\/index.php\/wp-json\/wp\/v2\/media\/1627"}],"wp:attachment":[{"href":"https:\/\/margrescolombia.com\/index.php\/wp-json\/wp\/v2\/media?parent=1625"}],"wp:term":[{"taxonomy":"product_cat","embeddable":true,"href":"https:\/\/margrescolombia.com\/index.php\/wp-json\/wp\/v2\/product_cat?post=1625"},{"taxonomy":"product_tag","embeddable":true,"href":"https:\/\/margrescolombia.com\/index.php\/wp-json\/wp\/v2\/product_tag?post=1625"}],"curies":[{"name":"wp","href":"https:\/\/api.w.org\/{rel}","templated":true}]}}