{"id":1611,"date":"2025-06-17T20:03:35","date_gmt":"2025-06-17T20:03:35","guid":{"rendered":"https:\/\/margrescolombia.com\/?post_type=product&#038;p=1611"},"modified":"2025-06-17T20:03:54","modified_gmt":"2025-06-17T20:03:54","slug":"laja-gris-oxido","status":"publish","type":"product","link":"https:\/\/margrescolombia.com\/index.php\/producto\/laja-gris-oxido\/","title":{"rendered":"Piedra Laja Gris Oxido"},"content":{"rendered":"<p>Piedra natural con tonalidades gris\u00e1ceas y matices \u00f3xido que aportan un acabado r\u00fastico y contempor\u00e1neo. Con un <strong data-start=\"192\" data-end=\"212\">grosor de 2.5 cm<\/strong> y un <strong data-start=\"218\" data-end=\"253\">peso aproximado de 55 kg por m\u00b2<\/strong>, es ideal para revestimientos de muros, pisos, jardines y fachadas. Su alta resistencia y apariencia \u00fanica la convierten en una opci\u00f3n duradera y est\u00e9tica para espacios interiores y exteriores.<\/p>\n","protected":false},"excerpt":{"rendered":"<p>Laja Gris Oxido<\/p>\n<p>Pesa: 55 kg por\u00a0 <strong data-start=\"218\" data-end=\"253\">m\u00b2<\/strong><\/p>\n<p>Grosor: 2.5 cm<\/p>\n","protected":false},"featured_media":1612,"comment_status":"open","ping_status":"closed","template":"","meta":{"_uag_custom_page_level_css":"","site-sidebar-layout":"default","site-content-layout":"default","ast-global-header-display":"","ast-main-header-display":"","ast-hfb-above-header-display":"","ast-hfb-below-header-display":"","ast-hfb-mobile-header-display":"","site-post-title":"","ast-breadcrumbs-content":"","ast-featured-img":"","footer-sml-layout":"","theme-transparent-header-meta":"default","adv-header-id-meta":"","stick-header-meta":"","header-above-stick-meta":"","header-main-stick-meta":"","header-below-stick-meta":"","_joinchat":[],"jetpack_publicize_message":"","jetpack_is_tweetstorm":false,"jetpack_publicize_feature_enabled":true,"jetpack_social_post_already_shared":true,"jetpack_social_options":{"image_generator_settings":{"template":"highway","enabled":false}}},"product_cat":[19],"product_tag":[],"jetpack_publicize_connections":[],"uagb_featured_image_src":{"full":["https:\/\/margrescolombia.com\/wp-content\/uploads\/2025\/06\/Laja-gris-oxido.jpg",510,382,false],"thumbnail":["https:\/\/margrescolombia.com\/wp-content\/uploads\/2025\/06\/Laja-gris-oxido-150x150.jpg",150,150,true],"medium":["https:\/\/margrescolombia.com\/wp-content\/uploads\/2025\/06\/Laja-gris-oxido-300x225.jpg",300,225,true],"medium_large":["https:\/\/margrescolombia.com\/wp-content\/uploads\/2025\/06\/Laja-gris-oxido.jpg",510,382,false],"large":["https:\/\/margrescolombia.com\/wp-content\/uploads\/2025\/06\/Laja-gris-oxido.jpg",510,382,false],"1536x1536":["https:\/\/margrescolombia.com\/wp-content\/uploads\/2025\/06\/Laja-gris-oxido.jpg",510,382,false],"2048x2048":["https:\/\/margrescolombia.com\/wp-content\/uploads\/2025\/06\/Laja-gris-oxido.jpg",510,382,false],"woocommerce_thumbnail":["https:\/\/margrescolombia.com\/wp-content\/uploads\/2025\/06\/Laja-gris-oxido-300x300.jpg",300,300,true],"woocommerce_single":["https:\/\/margrescolombia.com\/wp-content\/uploads\/2025\/06\/Laja-gris-oxido.jpg",510,382,false],"woocommerce_gallery_thumbnail":["https:\/\/margrescolombia.com\/wp-content\/uploads\/2025\/06\/Laja-gris-oxido-100x100.jpg",100,100,true]},"uagb_author_info":{"display_name":"Ashly","author_link":"https:\/\/margrescolombia.com\/index.php\/author\/"},"uagb_comment_info":0,"uagb_excerpt":"Laja Gris Oxido Pesa: 55 kg por\u00a0 m\u00b2 Grosor: 2.5 cm","_links":{"self":[{"href":"https:\/\/margrescolombia.com\/index.php\/wp-json\/wp\/v2\/product\/1611"}],"collection":[{"href":"https:\/\/margrescolombia.com\/index.php\/wp-json\/wp\/v2\/product"}],"about":[{"href":"https:\/\/margrescolombia.com\/index.php\/wp-json\/wp\/v2\/types\/product"}],"replies":[{"embeddable":true,"href":"https:\/\/margrescolombia.com\/index.php\/wp-json\/wp\/v2\/comments?post=1611"}],"wp:featuredmedia":[{"embeddable":true,"href":"https:\/\/margrescolombia.com\/index.php\/wp-json\/wp\/v2\/media\/1612"}],"wp:attachment":[{"href":"https:\/\/margrescolombia.com\/index.php\/wp-json\/wp\/v2\/media?parent=1611"}],"wp:term":[{"taxonomy":"product_cat","embeddable":true,"href":"https:\/\/margrescolombia.com\/index.php\/wp-json\/wp\/v2\/product_cat?post=1611"},{"taxonomy":"product_tag","embeddable":true,"href":"https:\/\/margrescolombia.com\/index.php\/wp-json\/wp\/v2\/product_tag?post=1611"}],"curies":[{"name":"wp","href":"https:\/\/api.w.org\/{rel}","templated":true}]}}