{"id":1588,"date":"2025-06-16T19:14:40","date_gmt":"2025-06-16T19:14:40","guid":{"rendered":"https:\/\/margrescolombia.com\/?post_type=product&#038;p=1588"},"modified":"2025-06-16T19:14:40","modified_gmt":"2025-06-16T19:14:40","slug":"tablilla-lisa","status":"publish","type":"product","link":"https:\/\/margrescolombia.com\/index.php\/producto\/tablilla-lisa\/","title":{"rendered":"Tablilla Lisa"},"content":{"rendered":"<p>Superficie lisa y acabado limpio, ideal para crear ambientes modernos, minimalistas o de estilo tradicional. Su dise\u00f1o alargado permite m\u00faltiples patrones de instalaci\u00f3n (alineado, espina de pez, entre otros), aportando dinamismo y elegancia a pisos y muros. Perfecto para interiores residenciales o comerciales que buscan un acabado c\u00e1lido, uniforme y funcional.<\/p>\n","protected":false},"excerpt":{"rendered":"<p>Medidas:<\/p>\n<p>7 x 25 cm<\/p>\n","protected":false},"featured_media":1589,"comment_status":"open","ping_status":"closed","template":"","meta":{"_uag_custom_page_level_css":"","site-sidebar-layout":"default","site-content-layout":"default","ast-global-header-display":"","ast-main-header-display":"","ast-hfb-above-header-display":"","ast-hfb-below-header-display":"","ast-hfb-mobile-header-display":"","site-post-title":"","ast-breadcrumbs-content":"","ast-featured-img":"","footer-sml-layout":"","theme-transparent-header-meta":"default","adv-header-id-meta":"","stick-header-meta":"","header-above-stick-meta":"","header-main-stick-meta":"","header-below-stick-meta":"","_joinchat":[],"jetpack_publicize_message":"","jetpack_is_tweetstorm":false,"jetpack_publicize_feature_enabled":true,"jetpack_social_post_already_shared":true,"jetpack_social_options":{"image_generator_settings":{"template":"highway","enabled":false}}},"product_cat":[50],"product_tag":[],"jetpack_publicize_connections":[],"uagb_featured_image_src":{"full":["https:\/\/margrescolombia.com\/wp-content\/uploads\/2025\/06\/WhatsApp-Image-2025-06-16-at-11.17.44-AM-7.jpeg",1280,1280,false],"thumbnail":["https:\/\/margrescolombia.com\/wp-content\/uploads\/2025\/06\/WhatsApp-Image-2025-06-16-at-11.17.44-AM-7-150x150.jpeg",150,150,true],"medium":["https:\/\/margrescolombia.com\/wp-content\/uploads\/2025\/06\/WhatsApp-Image-2025-06-16-at-11.17.44-AM-7-300x300.jpeg",300,300,true],"medium_large":["https:\/\/margrescolombia.com\/wp-content\/uploads\/2025\/06\/WhatsApp-Image-2025-06-16-at-11.17.44-AM-7-768x768.jpeg",768,768,true],"large":["https:\/\/margrescolombia.com\/wp-content\/uploads\/2025\/06\/WhatsApp-Image-2025-06-16-at-11.17.44-AM-7-1024x1024.jpeg",1024,1024,true],"1536x1536":["https:\/\/margrescolombia.com\/wp-content\/uploads\/2025\/06\/WhatsApp-Image-2025-06-16-at-11.17.44-AM-7.jpeg",1280,1280,false],"2048x2048":["https:\/\/margrescolombia.com\/wp-content\/uploads\/2025\/06\/WhatsApp-Image-2025-06-16-at-11.17.44-AM-7.jpeg",1280,1280,false],"woocommerce_thumbnail":["https:\/\/margrescolombia.com\/wp-content\/uploads\/2025\/06\/WhatsApp-Image-2025-06-16-at-11.17.44-AM-7-300x300.jpeg",300,300,true],"woocommerce_single":["https:\/\/margrescolombia.com\/wp-content\/uploads\/2025\/06\/WhatsApp-Image-2025-06-16-at-11.17.44-AM-7-600x600.jpeg",600,600,true],"woocommerce_gallery_thumbnail":["https:\/\/margrescolombia.com\/wp-content\/uploads\/2025\/06\/WhatsApp-Image-2025-06-16-at-11.17.44-AM-7-100x100.jpeg",100,100,true]},"uagb_author_info":{"display_name":"Ashly","author_link":"https:\/\/margrescolombia.com\/index.php\/author\/"},"uagb_comment_info":0,"uagb_excerpt":"Medidas: 7 x 25 cm","_links":{"self":[{"href":"https:\/\/margrescolombia.com\/index.php\/wp-json\/wp\/v2\/product\/1588"}],"collection":[{"href":"https:\/\/margrescolombia.com\/index.php\/wp-json\/wp\/v2\/product"}],"about":[{"href":"https:\/\/margrescolombia.com\/index.php\/wp-json\/wp\/v2\/types\/product"}],"replies":[{"embeddable":true,"href":"https:\/\/margrescolombia.com\/index.php\/wp-json\/wp\/v2\/comments?post=1588"}],"wp:featuredmedia":[{"embeddable":true,"href":"https:\/\/margrescolombia.com\/index.php\/wp-json\/wp\/v2\/media\/1589"}],"wp:attachment":[{"href":"https:\/\/margrescolombia.com\/index.php\/wp-json\/wp\/v2\/media?parent=1588"}],"wp:term":[{"taxonomy":"product_cat","embeddable":true,"href":"https:\/\/margrescolombia.com\/index.php\/wp-json\/wp\/v2\/product_cat?post=1588"},{"taxonomy":"product_tag","embeddable":true,"href":"https:\/\/margrescolombia.com\/index.php\/wp-json\/wp\/v2\/product_tag?post=1588"}],"curies":[{"name":"wp","href":"https:\/\/api.w.org\/{rel}","templated":true}]}}