{"id":1572,"date":"2025-06-16T18:38:25","date_gmt":"2025-06-16T18:38:25","guid":{"rendered":"https:\/\/margrescolombia.com\/?post_type=product&#038;p=1572"},"modified":"2025-06-16T18:38:25","modified_gmt":"2025-06-16T18:38:25","slug":"piso-betania","status":"publish","type":"product","link":"https:\/\/margrescolombia.com\/index.php\/producto\/piso-betania\/","title":{"rendered":"Piso Betania"},"content":{"rendered":"<p data-start=\"91\" data-end=\"512\">Con dise\u00f1o neutro y elegante que aporta calidez y luminosidad a cualquier espacio. Disponible en formatos de <strong data-start=\"276\" data-end=\"290\">30 x 30 cm<\/strong> y <strong data-start=\"293\" data-end=\"307\">25 x 25 cm<\/strong>, es ideal para \u00e1reas interiores como salas, cocinas o habitaciones, gracias a su versatilidad y f\u00e1cil mantenimiento. Su acabado combina est\u00e9tica y funcionalidad, adapt\u00e1ndose a estilos cl\u00e1sicos o modernos.<\/p>\n","protected":false},"excerpt":{"rendered":"<p>Medidas:<\/p>\n<p>30 x 30 cm<\/p>\n<p>25 x 25 cm<\/p>\n","protected":false},"featured_media":1573,"comment_status":"open","ping_status":"closed","template":"","meta":{"_uag_custom_page_level_css":"","site-sidebar-layout":"default","site-content-layout":"default","ast-global-header-display":"","ast-main-header-display":"","ast-hfb-above-header-display":"","ast-hfb-below-header-display":"","ast-hfb-mobile-header-display":"","site-post-title":"","ast-breadcrumbs-content":"","ast-featured-img":"","footer-sml-layout":"","theme-transparent-header-meta":"default","adv-header-id-meta":"","stick-header-meta":"","header-above-stick-meta":"","header-main-stick-meta":"","header-below-stick-meta":"","_joinchat":[],"jetpack_publicize_message":"","jetpack_is_tweetstorm":false,"jetpack_publicize_feature_enabled":true,"jetpack_social_post_already_shared":true,"jetpack_social_options":{"image_generator_settings":{"template":"highway","enabled":false}}},"product_cat":[50],"product_tag":[],"jetpack_publicize_connections":[],"uagb_featured_image_src":{"full":["https:\/\/margrescolombia.com\/wp-content\/uploads\/2025\/06\/WhatsApp-Image-2025-06-16-at-11.16.30-AM-1.jpeg",885,1000,false],"thumbnail":["https:\/\/margrescolombia.com\/wp-content\/uploads\/2025\/06\/WhatsApp-Image-2025-06-16-at-11.16.30-AM-1-150x150.jpeg",150,150,true],"medium":["https:\/\/margrescolombia.com\/wp-content\/uploads\/2025\/06\/WhatsApp-Image-2025-06-16-at-11.16.30-AM-1-266x300.jpeg",266,300,true],"medium_large":["https:\/\/margrescolombia.com\/wp-content\/uploads\/2025\/06\/WhatsApp-Image-2025-06-16-at-11.16.30-AM-1-768x868.jpeg",768,868,true],"large":["https:\/\/margrescolombia.com\/wp-content\/uploads\/2025\/06\/WhatsApp-Image-2025-06-16-at-11.16.30-AM-1.jpeg",885,1000,false],"1536x1536":["https:\/\/margrescolombia.com\/wp-content\/uploads\/2025\/06\/WhatsApp-Image-2025-06-16-at-11.16.30-AM-1.jpeg",885,1000,false],"2048x2048":["https:\/\/margrescolombia.com\/wp-content\/uploads\/2025\/06\/WhatsApp-Image-2025-06-16-at-11.16.30-AM-1.jpeg",885,1000,false],"woocommerce_thumbnail":["https:\/\/margrescolombia.com\/wp-content\/uploads\/2025\/06\/WhatsApp-Image-2025-06-16-at-11.16.30-AM-1-300x300.jpeg",300,300,true],"woocommerce_single":["https:\/\/margrescolombia.com\/wp-content\/uploads\/2025\/06\/WhatsApp-Image-2025-06-16-at-11.16.30-AM-1-600x678.jpeg",600,678,true],"woocommerce_gallery_thumbnail":["https:\/\/margrescolombia.com\/wp-content\/uploads\/2025\/06\/WhatsApp-Image-2025-06-16-at-11.16.30-AM-1-100x100.jpeg",100,100,true]},"uagb_author_info":{"display_name":"Ashly","author_link":"https:\/\/margrescolombia.com\/index.php\/author\/"},"uagb_comment_info":0,"uagb_excerpt":"Medidas: 30 x 30 cm 25 x 25 cm","_links":{"self":[{"href":"https:\/\/margrescolombia.com\/index.php\/wp-json\/wp\/v2\/product\/1572"}],"collection":[{"href":"https:\/\/margrescolombia.com\/index.php\/wp-json\/wp\/v2\/product"}],"about":[{"href":"https:\/\/margrescolombia.com\/index.php\/wp-json\/wp\/v2\/types\/product"}],"replies":[{"embeddable":true,"href":"https:\/\/margrescolombia.com\/index.php\/wp-json\/wp\/v2\/comments?post=1572"}],"wp:featuredmedia":[{"embeddable":true,"href":"https:\/\/margrescolombia.com\/index.php\/wp-json\/wp\/v2\/media\/1573"}],"wp:attachment":[{"href":"https:\/\/margrescolombia.com\/index.php\/wp-json\/wp\/v2\/media?parent=1572"}],"wp:term":[{"taxonomy":"product_cat","embeddable":true,"href":"https:\/\/margrescolombia.com\/index.php\/wp-json\/wp\/v2\/product_cat?post=1572"},{"taxonomy":"product_tag","embeddable":true,"href":"https:\/\/margrescolombia.com\/index.php\/wp-json\/wp\/v2\/product_tag?post=1572"}],"curies":[{"name":"wp","href":"https:\/\/api.w.org\/{rel}","templated":true}]}}