{"id":1542,"date":"2025-06-14T14:16:48","date_gmt":"2025-06-14T14:16:48","guid":{"rendered":"https:\/\/margrescolombia.com\/?post_type=product&#038;p=1542"},"modified":"2025-06-14T14:16:48","modified_gmt":"2025-06-14T14:16:48","slug":"ladrillo-gran-formato-tierra-3","status":"publish","type":"product","link":"https:\/\/margrescolombia.com\/index.php\/producto\/ladrillo-gran-formato-tierra-3\/","title":{"rendered":"Ladrillo Gran Formato Tierra 3"},"content":{"rendered":"<p>Ladrillo decorativo en tono tierra, ideal para revestimientos ligeros y muros vistos que buscan un acabado natural con menor espesor. Con dimensiones de <strong data-start=\"300\" data-end=\"320\">39 x 11.5 x 3 cm<\/strong>, permite una instalaci\u00f3n r\u00e1pida y estilizada. Tiene un <strong data-start=\"376\" data-end=\"416\">rendimiento de 62.50 unidades por m\u00b2<\/strong> y un <strong data-start=\"422\" data-end=\"450\" data-is-only-node=\"\">peso unitario de 2.00 kg<\/strong>, siendo una soluci\u00f3n est\u00e9tica, liviana y vers\u00e1til para interiores y exteriores.<\/p>\n","protected":false},"excerpt":{"rendered":"<p>Ladrillo Gran Formato Tierra 3<\/p>\n<p>Mide: 39 x 11.5 x 3 cm<\/p>\n<p>Pesa: 2.00 kg<\/p>\n<p>Piezas: 62.50 por <strong data-start=\"376\" data-end=\"416\">m\u00b2<\/strong><\/p>\n","protected":false},"featured_media":1543,"comment_status":"open","ping_status":"closed","template":"","meta":{"_uag_custom_page_level_css":"","site-sidebar-layout":"default","site-content-layout":"default","ast-global-header-display":"","ast-main-header-display":"","ast-hfb-above-header-display":"","ast-hfb-below-header-display":"","ast-hfb-mobile-header-display":"","site-post-title":"","ast-breadcrumbs-content":"","ast-featured-img":"","footer-sml-layout":"","theme-transparent-header-meta":"default","adv-header-id-meta":"","stick-header-meta":"","header-above-stick-meta":"","header-main-stick-meta":"","header-below-stick-meta":"","_joinchat":[],"jetpack_publicize_message":"","jetpack_is_tweetstorm":false,"jetpack_publicize_feature_enabled":true,"jetpack_social_post_already_shared":true,"jetpack_social_options":{"image_generator_settings":{"template":"highway","enabled":false}}},"product_cat":[49],"product_tag":[],"jetpack_publicize_connections":[],"uagb_featured_image_src":{"full":["https:\/\/margrescolombia.com\/wp-content\/uploads\/2025\/06\/Ladrillo-Gran-Formato-Tierra-3.png",216,119,false],"thumbnail":["https:\/\/margrescolombia.com\/wp-content\/uploads\/2025\/06\/Ladrillo-Gran-Formato-Tierra-3-150x119.png",150,119,true],"medium":["https:\/\/margrescolombia.com\/wp-content\/uploads\/2025\/06\/Ladrillo-Gran-Formato-Tierra-3.png",216,119,false],"medium_large":["https:\/\/margrescolombia.com\/wp-content\/uploads\/2025\/06\/Ladrillo-Gran-Formato-Tierra-3.png",216,119,false],"large":["https:\/\/margrescolombia.com\/wp-content\/uploads\/2025\/06\/Ladrillo-Gran-Formato-Tierra-3.png",216,119,false],"1536x1536":["https:\/\/margrescolombia.com\/wp-content\/uploads\/2025\/06\/Ladrillo-Gran-Formato-Tierra-3.png",216,119,false],"2048x2048":["https:\/\/margrescolombia.com\/wp-content\/uploads\/2025\/06\/Ladrillo-Gran-Formato-Tierra-3.png",216,119,false],"woocommerce_thumbnail":["https:\/\/margrescolombia.com\/wp-content\/uploads\/2025\/06\/Ladrillo-Gran-Formato-Tierra-3.png",216,119,false],"woocommerce_single":["https:\/\/margrescolombia.com\/wp-content\/uploads\/2025\/06\/Ladrillo-Gran-Formato-Tierra-3.png",216,119,false],"woocommerce_gallery_thumbnail":["https:\/\/margrescolombia.com\/wp-content\/uploads\/2025\/06\/Ladrillo-Gran-Formato-Tierra-3-100x100.png",100,100,true]},"uagb_author_info":{"display_name":"Ashly","author_link":"https:\/\/margrescolombia.com\/index.php\/author\/"},"uagb_comment_info":0,"uagb_excerpt":"Ladrillo Gran Formato Tierra 3 Mide: 39 x 11.5 x 3 cm Pesa: 2.00 kg Piezas: 62.50 por m\u00b2","_links":{"self":[{"href":"https:\/\/margrescolombia.com\/index.php\/wp-json\/wp\/v2\/product\/1542"}],"collection":[{"href":"https:\/\/margrescolombia.com\/index.php\/wp-json\/wp\/v2\/product"}],"about":[{"href":"https:\/\/margrescolombia.com\/index.php\/wp-json\/wp\/v2\/types\/product"}],"replies":[{"embeddable":true,"href":"https:\/\/margrescolombia.com\/index.php\/wp-json\/wp\/v2\/comments?post=1542"}],"wp:featuredmedia":[{"embeddable":true,"href":"https:\/\/margrescolombia.com\/index.php\/wp-json\/wp\/v2\/media\/1543"}],"wp:attachment":[{"href":"https:\/\/margrescolombia.com\/index.php\/wp-json\/wp\/v2\/media?parent=1542"}],"wp:term":[{"taxonomy":"product_cat","embeddable":true,"href":"https:\/\/margrescolombia.com\/index.php\/wp-json\/wp\/v2\/product_cat?post=1542"},{"taxonomy":"product_tag","embeddable":true,"href":"https:\/\/margrescolombia.com\/index.php\/wp-json\/wp\/v2\/product_tag?post=1542"}],"curies":[{"name":"wp","href":"https:\/\/api.w.org\/{rel}","templated":true}]}}