{"id":1539,"date":"2025-06-14T14:10:18","date_gmt":"2025-06-14T14:10:18","guid":{"rendered":"https:\/\/margrescolombia.com\/?post_type=product&#038;p=1539"},"modified":"2025-06-14T14:10:18","modified_gmt":"2025-06-14T14:10:18","slug":"ladrillo-gran-formato-tierra-14","status":"publish","type":"product","link":"https:\/\/margrescolombia.com\/index.php\/producto\/ladrillo-gran-formato-tierra-14\/","title":{"rendered":"Ladrillo Gran Formato Tierra 14"},"content":{"rendered":"<p>Ladrillo decorativo en tono tierra, dise\u00f1ado para muros vistos y revestimientos que requieren una presencia m\u00e1s robusta y natural. Con medidas de <strong data-start=\"300\" data-end=\"318\">39 x 14 x 5 cm<\/strong>, proporciona una apariencia uniforme y elegante. Su <strong data-start=\"371\" data-end=\"414\">rendimiento es de 41.70 unidades por m\u00b2<\/strong> y tiene un <strong data-start=\"426\" data-end=\"454\" data-is-only-node=\"\">peso unitario de 3.40 kg<\/strong>, lo que lo convierte en una opci\u00f3n duradera y visualmente impactante para proyectos arquitect\u00f3nicos contempor\u00e1neos o tradicionales.<\/p>\n","protected":false},"excerpt":{"rendered":"<p>Ladrillo Gran Formato Tierra 14<\/p>\n<p>Mide: 39 x 14 x 5 cm<\/p>\n<p>Pesa: 3.40 kg<\/p>\n<p>Piezas: 41.70 por <strong data-start=\"371\" data-end=\"414\">m\u00b2<\/strong><\/p>\n","protected":false},"featured_media":1540,"comment_status":"open","ping_status":"closed","template":"","meta":{"_uag_custom_page_level_css":"","site-sidebar-layout":"default","site-content-layout":"default","ast-global-header-display":"","ast-main-header-display":"","ast-hfb-above-header-display":"","ast-hfb-below-header-display":"","ast-hfb-mobile-header-display":"","site-post-title":"","ast-breadcrumbs-content":"","ast-featured-img":"","footer-sml-layout":"","theme-transparent-header-meta":"default","adv-header-id-meta":"","stick-header-meta":"","header-above-stick-meta":"","header-main-stick-meta":"","header-below-stick-meta":"","_joinchat":[],"jetpack_publicize_message":"","jetpack_is_tweetstorm":false,"jetpack_publicize_feature_enabled":true,"jetpack_social_post_already_shared":true,"jetpack_social_options":{"image_generator_settings":{"template":"highway","enabled":false}}},"product_cat":[49],"product_tag":[],"jetpack_publicize_connections":[],"uagb_featured_image_src":{"full":["https:\/\/margrescolombia.com\/wp-content\/uploads\/2025\/06\/Ladrillo-Gran-Formato-Tierra-14.png",211,127,false],"thumbnail":["https:\/\/margrescolombia.com\/wp-content\/uploads\/2025\/06\/Ladrillo-Gran-Formato-Tierra-14-150x127.png",150,127,true],"medium":["https:\/\/margrescolombia.com\/wp-content\/uploads\/2025\/06\/Ladrillo-Gran-Formato-Tierra-14.png",211,127,false],"medium_large":["https:\/\/margrescolombia.com\/wp-content\/uploads\/2025\/06\/Ladrillo-Gran-Formato-Tierra-14.png",211,127,false],"large":["https:\/\/margrescolombia.com\/wp-content\/uploads\/2025\/06\/Ladrillo-Gran-Formato-Tierra-14.png",211,127,false],"1536x1536":["https:\/\/margrescolombia.com\/wp-content\/uploads\/2025\/06\/Ladrillo-Gran-Formato-Tierra-14.png",211,127,false],"2048x2048":["https:\/\/margrescolombia.com\/wp-content\/uploads\/2025\/06\/Ladrillo-Gran-Formato-Tierra-14.png",211,127,false],"woocommerce_thumbnail":["https:\/\/margrescolombia.com\/wp-content\/uploads\/2025\/06\/Ladrillo-Gran-Formato-Tierra-14.png",211,127,false],"woocommerce_single":["https:\/\/margrescolombia.com\/wp-content\/uploads\/2025\/06\/Ladrillo-Gran-Formato-Tierra-14.png",211,127,false],"woocommerce_gallery_thumbnail":["https:\/\/margrescolombia.com\/wp-content\/uploads\/2025\/06\/Ladrillo-Gran-Formato-Tierra-14-100x100.png",100,100,true]},"uagb_author_info":{"display_name":"Ashly","author_link":"https:\/\/margrescolombia.com\/index.php\/author\/"},"uagb_comment_info":0,"uagb_excerpt":"Ladrillo Gran Formato Tierra 14 Mide: 39 x 14 x 5 cm Pesa: 3.40 kg Piezas: 41.70 por m\u00b2","_links":{"self":[{"href":"https:\/\/margrescolombia.com\/index.php\/wp-json\/wp\/v2\/product\/1539"}],"collection":[{"href":"https:\/\/margrescolombia.com\/index.php\/wp-json\/wp\/v2\/product"}],"about":[{"href":"https:\/\/margrescolombia.com\/index.php\/wp-json\/wp\/v2\/types\/product"}],"replies":[{"embeddable":true,"href":"https:\/\/margrescolombia.com\/index.php\/wp-json\/wp\/v2\/comments?post=1539"}],"wp:featuredmedia":[{"embeddable":true,"href":"https:\/\/margrescolombia.com\/index.php\/wp-json\/wp\/v2\/media\/1540"}],"wp:attachment":[{"href":"https:\/\/margrescolombia.com\/index.php\/wp-json\/wp\/v2\/media?parent=1539"}],"wp:term":[{"taxonomy":"product_cat","embeddable":true,"href":"https:\/\/margrescolombia.com\/index.php\/wp-json\/wp\/v2\/product_cat?post=1539"},{"taxonomy":"product_tag","embeddable":true,"href":"https:\/\/margrescolombia.com\/index.php\/wp-json\/wp\/v2\/product_tag?post=1539"}],"curies":[{"name":"wp","href":"https:\/\/api.w.org\/{rel}","templated":true}]}}