{"id":1506,"date":"2025-06-13T21:40:48","date_gmt":"2025-06-13T21:40:48","guid":{"rendered":"https:\/\/margrescolombia.com\/?post_type=product&#038;p=1506"},"modified":"2025-06-14T13:19:32","modified_gmt":"2025-06-14T13:19:32","slug":"ladrillo-portante-306-medio-cocoa","status":"publish","type":"product","link":"https:\/\/margrescolombia.com\/index.php\/producto\/ladrillo-portante-306-medio-cocoa\/","title":{"rendered":"Ladrillo Portante 306 Medio Cocoa"},"content":{"rendered":"<p>Ladrillo auxiliar en tono cocoa, ideal para remates, encuentros y detalles en muros portantes. Dise\u00f1ado para integrarse con el ladrillo 306 est\u00e1ndar, mantiene la continuidad estructural y est\u00e9tica del sistema. Con un <strong data-start=\"377\" data-end=\"426\">rendimiento de 3.60 unidades por metro lineal<\/strong> y un <strong data-start=\"432\" data-end=\"462\">peso de 3.20 kg por unidad<\/strong>, facilita una construcci\u00f3n precisa y resistente.<\/p>\n","protected":false},"excerpt":{"rendered":"<p>Ladrillo Portante 306 Medio Cocoa<\/p>\n<p>Mide: 29 x 14.5 x 6<\/p>\n<p>Pesa: 3.20 kg<\/p>\n<p>Piezas: 3.60 por <strong data-start=\"377\" data-end=\"426\">metro lineal<\/strong><\/p>\n","protected":false},"featured_media":1515,"comment_status":"open","ping_status":"closed","template":"","meta":{"_uag_custom_page_level_css":"","site-sidebar-layout":"default","site-content-layout":"default","ast-global-header-display":"","ast-main-header-display":"","ast-hfb-above-header-display":"","ast-hfb-below-header-display":"","ast-hfb-mobile-header-display":"","site-post-title":"","ast-breadcrumbs-content":"","ast-featured-img":"","footer-sml-layout":"","theme-transparent-header-meta":"default","adv-header-id-meta":"","stick-header-meta":"","header-above-stick-meta":"","header-main-stick-meta":"","header-below-stick-meta":"","_joinchat":[],"jetpack_publicize_message":"","jetpack_is_tweetstorm":false,"jetpack_publicize_feature_enabled":true,"jetpack_social_post_already_shared":true,"jetpack_social_options":{"image_generator_settings":{"template":"highway","enabled":false}}},"product_cat":[48],"product_tag":[],"jetpack_publicize_connections":[],"uagb_featured_image_src":{"full":["https:\/\/margrescolombia.com\/wp-content\/uploads\/2025\/06\/Ladrillo-Portante-306-Medio-Cocoa.png",186,109,false],"thumbnail":["https:\/\/margrescolombia.com\/wp-content\/uploads\/2025\/06\/Ladrillo-Portante-306-Medio-Cocoa-150x109.png",150,109,true],"medium":["https:\/\/margrescolombia.com\/wp-content\/uploads\/2025\/06\/Ladrillo-Portante-306-Medio-Cocoa.png",186,109,false],"medium_large":["https:\/\/margrescolombia.com\/wp-content\/uploads\/2025\/06\/Ladrillo-Portante-306-Medio-Cocoa.png",186,109,false],"large":["https:\/\/margrescolombia.com\/wp-content\/uploads\/2025\/06\/Ladrillo-Portante-306-Medio-Cocoa.png",186,109,false],"1536x1536":["https:\/\/margrescolombia.com\/wp-content\/uploads\/2025\/06\/Ladrillo-Portante-306-Medio-Cocoa.png",186,109,false],"2048x2048":["https:\/\/margrescolombia.com\/wp-content\/uploads\/2025\/06\/Ladrillo-Portante-306-Medio-Cocoa.png",186,109,false],"woocommerce_thumbnail":["https:\/\/margrescolombia.com\/wp-content\/uploads\/2025\/06\/Ladrillo-Portante-306-Medio-Cocoa.png",186,109,false],"woocommerce_single":["https:\/\/margrescolombia.com\/wp-content\/uploads\/2025\/06\/Ladrillo-Portante-306-Medio-Cocoa.png",186,109,false],"woocommerce_gallery_thumbnail":["https:\/\/margrescolombia.com\/wp-content\/uploads\/2025\/06\/Ladrillo-Portante-306-Medio-Cocoa-100x100.png",100,100,true]},"uagb_author_info":{"display_name":"Ashly","author_link":"https:\/\/margrescolombia.com\/index.php\/author\/"},"uagb_comment_info":0,"uagb_excerpt":"Ladrillo Portante 306 Medio Cocoa Mide: 29 x 14.5 x 6 Pesa: 3.20 kg Piezas: 3.60 por metro lineal","_links":{"self":[{"href":"https:\/\/margrescolombia.com\/index.php\/wp-json\/wp\/v2\/product\/1506"}],"collection":[{"href":"https:\/\/margrescolombia.com\/index.php\/wp-json\/wp\/v2\/product"}],"about":[{"href":"https:\/\/margrescolombia.com\/index.php\/wp-json\/wp\/v2\/types\/product"}],"replies":[{"embeddable":true,"href":"https:\/\/margrescolombia.com\/index.php\/wp-json\/wp\/v2\/comments?post=1506"}],"wp:featuredmedia":[{"embeddable":true,"href":"https:\/\/margrescolombia.com\/index.php\/wp-json\/wp\/v2\/media\/1515"}],"wp:attachment":[{"href":"https:\/\/margrescolombia.com\/index.php\/wp-json\/wp\/v2\/media?parent=1506"}],"wp:term":[{"taxonomy":"product_cat","embeddable":true,"href":"https:\/\/margrescolombia.com\/index.php\/wp-json\/wp\/v2\/product_cat?post=1506"},{"taxonomy":"product_tag","embeddable":true,"href":"https:\/\/margrescolombia.com\/index.php\/wp-json\/wp\/v2\/product_tag?post=1506"}],"curies":[{"name":"wp","href":"https:\/\/api.w.org\/{rel}","templated":true}]}}