{"id":1477,"date":"2025-06-13T16:40:11","date_gmt":"2025-06-13T16:40:11","guid":{"rendered":"https:\/\/margrescolombia.com\/?post_type=product&#038;p=1477"},"modified":"2025-06-13T16:40:11","modified_gmt":"2025-06-13T16:40:11","slug":"ladrillo-prensado-liviano-6cm-accesorio-cocoa-h","status":"publish","type":"product","link":"https:\/\/margrescolombia.com\/index.php\/producto\/ladrillo-prensado-liviano-6cm-accesorio-cocoa-h\/","title":{"rendered":"Ladrillo Prensado Liviano 6cm Accesorio Cocoa H"},"content":{"rendered":"<p>Accesorio en tono cocoa dise\u00f1ado para complementar sistemas constructivos con ladrillo prensado. Sus medidas de <strong data-start=\"293\" data-end=\"313\">24.5 x 12 x 6 cm<\/strong> permiten una integraci\u00f3n perfecta en detalles, encuentros y terminaciones. Ofrece un <strong data-start=\"399\" data-end=\"436\">rendimiento de 28 unidades por m\u00b2<\/strong> y un <strong data-start=\"442\" data-end=\"470\" data-is-only-node=\"\">peso unitario de 2.30 kg<\/strong>, asegurando f\u00e1cil instalaci\u00f3n y coherencia est\u00e9tica en la obra.<\/p>\n","protected":false},"excerpt":{"rendered":"<p>Ladrillo Prensado Liviano 6cm Accesorio Cocoa H<\/p>\n<p>Mide: 24.5 x 12 x 6<\/p>\n<p>Pesa: 2.30 kg<\/p>\n<p>Piezas: 28 por <strong data-start=\"399\" data-end=\"436\">m\u00b2<\/strong><\/p>\n","protected":false},"featured_media":1478,"comment_status":"open","ping_status":"closed","template":"","meta":{"_uag_custom_page_level_css":"","site-sidebar-layout":"default","site-content-layout":"default","ast-global-header-display":"","ast-main-header-display":"","ast-hfb-above-header-display":"","ast-hfb-below-header-display":"","ast-hfb-mobile-header-display":"","site-post-title":"","ast-breadcrumbs-content":"","ast-featured-img":"","footer-sml-layout":"","theme-transparent-header-meta":"default","adv-header-id-meta":"","stick-header-meta":"","header-above-stick-meta":"","header-main-stick-meta":"","header-below-stick-meta":"","_joinchat":[],"jetpack_publicize_message":"","jetpack_is_tweetstorm":false,"jetpack_publicize_feature_enabled":true,"jetpack_social_post_already_shared":true,"jetpack_social_options":{"image_generator_settings":{"template":"highway","enabled":false}}},"product_cat":[48],"product_tag":[],"jetpack_publicize_connections":[],"uagb_featured_image_src":{"full":["https:\/\/margrescolombia.com\/wp-content\/uploads\/2025\/06\/Ladrillo-Prensado-Liviano-6cm-Cocoa-H-Accesorio.jpg",162,98,false],"thumbnail":["https:\/\/margrescolombia.com\/wp-content\/uploads\/2025\/06\/Ladrillo-Prensado-Liviano-6cm-Cocoa-H-Accesorio-150x98.jpg",150,98,true],"medium":["https:\/\/margrescolombia.com\/wp-content\/uploads\/2025\/06\/Ladrillo-Prensado-Liviano-6cm-Cocoa-H-Accesorio.jpg",162,98,false],"medium_large":["https:\/\/margrescolombia.com\/wp-content\/uploads\/2025\/06\/Ladrillo-Prensado-Liviano-6cm-Cocoa-H-Accesorio.jpg",162,98,false],"large":["https:\/\/margrescolombia.com\/wp-content\/uploads\/2025\/06\/Ladrillo-Prensado-Liviano-6cm-Cocoa-H-Accesorio.jpg",162,98,false],"1536x1536":["https:\/\/margrescolombia.com\/wp-content\/uploads\/2025\/06\/Ladrillo-Prensado-Liviano-6cm-Cocoa-H-Accesorio.jpg",162,98,false],"2048x2048":["https:\/\/margrescolombia.com\/wp-content\/uploads\/2025\/06\/Ladrillo-Prensado-Liviano-6cm-Cocoa-H-Accesorio.jpg",162,98,false],"woocommerce_thumbnail":["https:\/\/margrescolombia.com\/wp-content\/uploads\/2025\/06\/Ladrillo-Prensado-Liviano-6cm-Cocoa-H-Accesorio.jpg",162,98,false],"woocommerce_single":["https:\/\/margrescolombia.com\/wp-content\/uploads\/2025\/06\/Ladrillo-Prensado-Liviano-6cm-Cocoa-H-Accesorio.jpg",162,98,false],"woocommerce_gallery_thumbnail":["https:\/\/margrescolombia.com\/wp-content\/uploads\/2025\/06\/Ladrillo-Prensado-Liviano-6cm-Cocoa-H-Accesorio-100x98.jpg",100,98,true]},"uagb_author_info":{"display_name":"Ashly","author_link":"https:\/\/margrescolombia.com\/index.php\/author\/"},"uagb_comment_info":0,"uagb_excerpt":"Ladrillo Prensado Liviano 6cm Accesorio Cocoa H Mide: 24.5 x 12 x 6 Pesa: 2.30 kg Piezas: 28 por m\u00b2","_links":{"self":[{"href":"https:\/\/margrescolombia.com\/index.php\/wp-json\/wp\/v2\/product\/1477"}],"collection":[{"href":"https:\/\/margrescolombia.com\/index.php\/wp-json\/wp\/v2\/product"}],"about":[{"href":"https:\/\/margrescolombia.com\/index.php\/wp-json\/wp\/v2\/types\/product"}],"replies":[{"embeddable":true,"href":"https:\/\/margrescolombia.com\/index.php\/wp-json\/wp\/v2\/comments?post=1477"}],"wp:featuredmedia":[{"embeddable":true,"href":"https:\/\/margrescolombia.com\/index.php\/wp-json\/wp\/v2\/media\/1478"}],"wp:attachment":[{"href":"https:\/\/margrescolombia.com\/index.php\/wp-json\/wp\/v2\/media?parent=1477"}],"wp:term":[{"taxonomy":"product_cat","embeddable":true,"href":"https:\/\/margrescolombia.com\/index.php\/wp-json\/wp\/v2\/product_cat?post=1477"},{"taxonomy":"product_tag","embeddable":true,"href":"https:\/\/margrescolombia.com\/index.php\/wp-json\/wp\/v2\/product_tag?post=1477"}],"curies":[{"name":"wp","href":"https:\/\/api.w.org\/{rel}","templated":true}]}}