{"id":1218,"date":"2024-01-12T00:04:14","date_gmt":"2024-01-12T00:04:14","guid":{"rendered":"https:\/\/margrescolombia.com\/?post_type=product&#038;p=1218"},"modified":"2025-02-08T17:48:23","modified_gmt":"2025-02-08T17:48:23","slug":"espacato-raquira-5x20","status":"publish","type":"product","link":"https:\/\/margrescolombia.com\/index.php\/producto\/espacato-raquira-5x20\/","title":{"rendered":"Espacato R\u00e1quira (5&#215;15)"},"content":{"rendered":"<p>Explora la autenticidad r\u00fastica con nuestro excepcional producto, el Espacato Raquira (5&#215;15), una pieza de gres que emana la esencia y el encanto de la piedra. Con medidas precisas de 5&#215;15 cm, este material captura la robustez r\u00fastica en su m\u00e1xima expresi\u00f3n, llevando el nombre de Raquira para evocar la tradici\u00f3n y la conexi\u00f3n con la naturaleza.<\/p>\n<p>Los tonos matizados del Espacato Raquira despliegan una rica paleta de colores, a\u00f1adiendo profundidad y autenticidad a cada pieza. La textura que emula la piedra realza su encanto, creando una sensaci\u00f3n de conexi\u00f3n con la tierra en cada cent\u00edmetro.<\/p>\n","protected":false},"excerpt":{"rendered":"<p><strong>Medida:\u00a0<\/strong>(5 x 15)\u00a0 <strong>Estilo:\u00a0<\/strong>Rustica Matizada<\/p>\n<p><strong>Peso M2:\u00a0<\/strong>20Kg\u00a0\u00a0<strong>Unidades m2<\/strong>: 56 unidades<\/p>\n<p>&nbsp;<\/p>\n<p>Los tonos matizados del Espacato Raquira despliegan una rica paleta de colores, a\u00f1adiendo profundidad y autenticidad a cada pieza. La textura que emula la piedra realza su encanto, creando una sensaci\u00f3n de conexi\u00f3n con la tierra en cada cent\u00edmetro.<\/p>\n","protected":false},"featured_media":1219,"comment_status":"open","ping_status":"closed","template":"","meta":{"_uag_custom_page_level_css":"","site-sidebar-layout":"default","site-content-layout":"default","ast-global-header-display":"","ast-main-header-display":"","ast-hfb-above-header-display":"","ast-hfb-below-header-display":"","ast-hfb-mobile-header-display":"","site-post-title":"","ast-breadcrumbs-content":"","ast-featured-img":"","footer-sml-layout":"","theme-transparent-header-meta":"default","adv-header-id-meta":"","stick-header-meta":"","header-above-stick-meta":"","header-main-stick-meta":"","header-below-stick-meta":"","_joinchat":[],"jetpack_publicize_message":"","jetpack_is_tweetstorm":false,"jetpack_publicize_feature_enabled":true,"jetpack_social_post_already_shared":true,"jetpack_social_options":{"image_generator_settings":{"template":"highway","enabled":false}}},"product_cat":[22],"product_tag":[],"jetpack_publicize_connections":[],"uagb_featured_image_src":{"full":["https:\/\/margrescolombia.com\/wp-content\/uploads\/2024\/01\/Foto-i8-4-29-scaled.jpg",1981,2560,false],"thumbnail":["https:\/\/margrescolombia.com\/wp-content\/uploads\/2024\/01\/Foto-i8-4-29-150x150.jpg",150,150,true],"medium":["https:\/\/margrescolombia.com\/wp-content\/uploads\/2024\/01\/Foto-i8-4-29-232x300.jpg",232,300,true],"medium_large":["https:\/\/margrescolombia.com\/wp-content\/uploads\/2024\/01\/Foto-i8-4-29-768x992.jpg",768,992,true],"large":["https:\/\/margrescolombia.com\/wp-content\/uploads\/2024\/01\/Foto-i8-4-29-793x1024.jpg",793,1024,true],"1536x1536":["https:\/\/margrescolombia.com\/wp-content\/uploads\/2024\/01\/Foto-i8-4-29-1189x1536.jpg",1189,1536,true],"2048x2048":["https:\/\/margrescolombia.com\/wp-content\/uploads\/2024\/01\/Foto-i8-4-29-1585x2048.jpg",1585,2048,true],"woocommerce_thumbnail":["https:\/\/margrescolombia.com\/wp-content\/uploads\/2024\/01\/Foto-i8-4-29-300x300.jpg",300,300,true],"woocommerce_single":["https:\/\/margrescolombia.com\/wp-content\/uploads\/2024\/01\/Foto-i8-4-29-600x775.jpg",600,775,true],"woocommerce_gallery_thumbnail":["https:\/\/margrescolombia.com\/wp-content\/uploads\/2024\/01\/Foto-i8-4-29-100x100.jpg",100,100,true]},"uagb_author_info":{"display_name":"davidmartinezg2014","author_link":"https:\/\/margrescolombia.com\/index.php\/author\/"},"uagb_comment_info":0,"uagb_excerpt":"Medida:\u00a0(5 x 15)\u00a0 Estilo:\u00a0Rustica Matizada Peso M2:\u00a020Kg\u00a0\u00a0Unidades m2: 56 unidades &nbsp; Los tonos matizados del Espacato Raquira despliegan una rica paleta de colores, a\u00f1adiendo profundidad y autenticidad a cada pieza. La textura que emula la piedra realza su encanto, creando una sensaci\u00f3n de conexi\u00f3n con la tierra en cada cent\u00edmetro.","_links":{"self":[{"href":"https:\/\/margrescolombia.com\/index.php\/wp-json\/wp\/v2\/product\/1218"}],"collection":[{"href":"https:\/\/margrescolombia.com\/index.php\/wp-json\/wp\/v2\/product"}],"about":[{"href":"https:\/\/margrescolombia.com\/index.php\/wp-json\/wp\/v2\/types\/product"}],"replies":[{"embeddable":true,"href":"https:\/\/margrescolombia.com\/index.php\/wp-json\/wp\/v2\/comments?post=1218"}],"wp:featuredmedia":[{"embeddable":true,"href":"https:\/\/margrescolombia.com\/index.php\/wp-json\/wp\/v2\/media\/1219"}],"wp:attachment":[{"href":"https:\/\/margrescolombia.com\/index.php\/wp-json\/wp\/v2\/media?parent=1218"}],"wp:term":[{"taxonomy":"product_cat","embeddable":true,"href":"https:\/\/margrescolombia.com\/index.php\/wp-json\/wp\/v2\/product_cat?post=1218"},{"taxonomy":"product_tag","embeddable":true,"href":"https:\/\/margrescolombia.com\/index.php\/wp-json\/wp\/v2\/product_tag?post=1218"}],"curies":[{"name":"wp","href":"https:\/\/api.w.org\/{rel}","templated":true}]}}