{"id":1216,"date":"2024-01-11T23:59:46","date_gmt":"2024-01-11T23:59:46","guid":{"rendered":"https:\/\/margrescolombia.com\/?post_type=product&#038;p=1216"},"modified":"2025-02-08T17:48:31","modified_gmt":"2025-02-08T17:48:31","slug":"espacato-pequeno-4-x-15","status":"publish","type":"product","link":"https:\/\/margrescolombia.com\/index.php\/producto\/espacato-pequeno-4-x-15\/","title":{"rendered":"Espacato Peque\u00f1o (4 x 15)"},"content":{"rendered":"<p>Sum\u00e9rgete en la autenticidad r\u00fastica con nuestro nuevo producto, el Espacato Peque\u00f1o (4 x 15), una pieza de gres que simula la robustez y encanto de la piedra. Este material, con medidas precisas de 4 x 15 cm, captura la esencia r\u00fastica en su m\u00e1xima expresi\u00f3n. La denominaci\u00f3n \u00abEspacato\u00bb evoca la naturaleza, mientras que su tama\u00f1o compacto a\u00f1ade versatilidad a su aplicaci\u00f3n en diversos espacios.<\/p>\n<p>Los tonos matizados del Espacato Peque\u00f1o despliegan una rica paleta de colores, proporcionando una apariencia aut\u00e9ntica y din\u00e1mica.<\/p>\n","protected":false},"excerpt":{"rendered":"<p><strong>Medida:\u00a0<\/strong>(4 x 15)\u00a0 <strong>Estilo:\u00a0<\/strong>Rustica Matizado<\/p>\n<p><strong>Peso M2:\u00a0<\/strong>20Kg\u00a0\u00a0<strong>Unidades m2<\/strong>: 90 unidades<\/p>\n<p>Los tonos matizados del Espacato Peque\u00f1o despliegan una rica paleta de colores, proporcionando una apariencia aut\u00e9ntica y din\u00e1mica.<\/p>\n","protected":false},"featured_media":1217,"comment_status":"open","ping_status":"closed","template":"","meta":{"_uag_custom_page_level_css":"","site-sidebar-layout":"default","site-content-layout":"default","ast-global-header-display":"","ast-main-header-display":"","ast-hfb-above-header-display":"","ast-hfb-below-header-display":"","ast-hfb-mobile-header-display":"","site-post-title":"","ast-breadcrumbs-content":"","ast-featured-img":"","footer-sml-layout":"","theme-transparent-header-meta":"default","adv-header-id-meta":"","stick-header-meta":"","header-above-stick-meta":"","header-main-stick-meta":"","header-below-stick-meta":"","_joinchat":[],"jetpack_publicize_message":"","jetpack_is_tweetstorm":false,"jetpack_publicize_feature_enabled":true,"jetpack_social_post_already_shared":true,"jetpack_social_options":{"image_generator_settings":{"template":"highway","enabled":false}}},"product_cat":[22],"product_tag":[],"jetpack_publicize_connections":[],"uagb_featured_image_src":{"full":["https:\/\/margrescolombia.com\/wp-content\/uploads\/2024\/01\/Foto-i8-4-28-scaled.jpg",2560,2116,false],"thumbnail":["https:\/\/margrescolombia.com\/wp-content\/uploads\/2024\/01\/Foto-i8-4-28-150x150.jpg",150,150,true],"medium":["https:\/\/margrescolombia.com\/wp-content\/uploads\/2024\/01\/Foto-i8-4-28-300x248.jpg",300,248,true],"medium_large":["https:\/\/margrescolombia.com\/wp-content\/uploads\/2024\/01\/Foto-i8-4-28-768x635.jpg",768,635,true],"large":["https:\/\/margrescolombia.com\/wp-content\/uploads\/2024\/01\/Foto-i8-4-28-1024x846.jpg",1024,846,true],"1536x1536":["https:\/\/margrescolombia.com\/wp-content\/uploads\/2024\/01\/Foto-i8-4-28-1536x1270.jpg",1536,1270,true],"2048x2048":["https:\/\/margrescolombia.com\/wp-content\/uploads\/2024\/01\/Foto-i8-4-28-2048x1693.jpg",2048,1693,true],"woocommerce_thumbnail":["https:\/\/margrescolombia.com\/wp-content\/uploads\/2024\/01\/Foto-i8-4-28-300x300.jpg",300,300,true],"woocommerce_single":["https:\/\/margrescolombia.com\/wp-content\/uploads\/2024\/01\/Foto-i8-4-28-600x496.jpg",600,496,true],"woocommerce_gallery_thumbnail":["https:\/\/margrescolombia.com\/wp-content\/uploads\/2024\/01\/Foto-i8-4-28-100x100.jpg",100,100,true]},"uagb_author_info":{"display_name":"davidmartinezg2014","author_link":"https:\/\/margrescolombia.com\/index.php\/author\/"},"uagb_comment_info":0,"uagb_excerpt":"Medida:\u00a0(4 x 15)\u00a0 Estilo:\u00a0Rustica Matizado Peso M2:\u00a020Kg\u00a0\u00a0Unidades m2: 90 unidades Los tonos matizados del Espacato Peque\u00f1o despliegan una rica paleta de colores, proporcionando una apariencia aut\u00e9ntica y din\u00e1mica.","_links":{"self":[{"href":"https:\/\/margrescolombia.com\/index.php\/wp-json\/wp\/v2\/product\/1216"}],"collection":[{"href":"https:\/\/margrescolombia.com\/index.php\/wp-json\/wp\/v2\/product"}],"about":[{"href":"https:\/\/margrescolombia.com\/index.php\/wp-json\/wp\/v2\/types\/product"}],"replies":[{"embeddable":true,"href":"https:\/\/margrescolombia.com\/index.php\/wp-json\/wp\/v2\/comments?post=1216"}],"wp:featuredmedia":[{"embeddable":true,"href":"https:\/\/margrescolombia.com\/index.php\/wp-json\/wp\/v2\/media\/1217"}],"wp:attachment":[{"href":"https:\/\/margrescolombia.com\/index.php\/wp-json\/wp\/v2\/media?parent=1216"}],"wp:term":[{"taxonomy":"product_cat","embeddable":true,"href":"https:\/\/margrescolombia.com\/index.php\/wp-json\/wp\/v2\/product_cat?post=1216"},{"taxonomy":"product_tag","embeddable":true,"href":"https:\/\/margrescolombia.com\/index.php\/wp-json\/wp\/v2\/product_tag?post=1216"}],"curies":[{"name":"wp","href":"https:\/\/api.w.org\/{rel}","templated":true}]}}