{"id":1212,"date":"2024-01-11T23:54:04","date_gmt":"2024-01-11T23:54:04","guid":{"rendered":"https:\/\/margrescolombia.com\/?post_type=product&#038;p=1212"},"modified":"2025-02-08T17:48:41","modified_gmt":"2025-02-08T17:48:41","slug":"fachaleta-madeira-rustica-multicolor","status":"publish","type":"product","link":"https:\/\/margrescolombia.com\/index.php\/producto\/fachaleta-madeira-rustica-multicolor\/","title":{"rendered":"Fachaleta Madeira Rustica Multicolor"},"content":{"rendered":"<p>Explora la versatilidad \u00fanica con nuestra fachaleta Madeira R\u00fastica Multicolor, una pieza magistralmente dise\u00f1ada con medidas precisas de 7 x 25 cm. Esta fachaleta encarna la elegancia atemporal de lo r\u00fastico, a\u00f1adiendo un toque distintivo y c\u00e1lido a cualquier espacio. Su formato perfectamente equilibrado de 7 x 25 cm asegura una est\u00e9tica cl\u00e1sica y adaptable a una variedad de estilos decorativos.<\/p>\n<p>La fachaleta Madeira R\u00fastica Multicolor presenta tonos matizados, ofreciendo una sorprendente variedad de colores que enriquecen tus paredes con una paleta visualmente atractiva.<\/p>\n","protected":false},"excerpt":{"rendered":"<p><strong>Medida:\u00a0<\/strong>(7 x 25)\u00a0\u00a0<strong>Estilo: <\/strong>Rustica Matizado<\/p>\n<p><strong>Peso M2:\u00a0<\/strong>20Kg\u00a0\u00a0<strong>Unidades m2<\/strong>: 56 unidades<\/p>\n","protected":false},"featured_media":1213,"comment_status":"open","ping_status":"closed","template":"","meta":{"_uag_custom_page_level_css":"","site-sidebar-layout":"default","site-content-layout":"default","ast-global-header-display":"","ast-main-header-display":"","ast-hfb-above-header-display":"","ast-hfb-below-header-display":"","ast-hfb-mobile-header-display":"","site-post-title":"","ast-breadcrumbs-content":"","ast-featured-img":"","footer-sml-layout":"","theme-transparent-header-meta":"default","adv-header-id-meta":"","stick-header-meta":"","header-above-stick-meta":"","header-main-stick-meta":"","header-below-stick-meta":"","_joinchat":[],"jetpack_publicize_message":"","jetpack_is_tweetstorm":false,"jetpack_publicize_feature_enabled":true,"jetpack_social_post_already_shared":true,"jetpack_social_options":{"image_generator_settings":{"template":"highway","enabled":false}}},"product_cat":[22],"product_tag":[],"jetpack_publicize_connections":[],"uagb_featured_image_src":{"full":["https:\/\/margrescolombia.com\/wp-content\/uploads\/2024\/01\/Foto-i8-4-24-scaled.jpg",2560,2183,false],"thumbnail":["https:\/\/margrescolombia.com\/wp-content\/uploads\/2024\/01\/Foto-i8-4-24-150x150.jpg",150,150,true],"medium":["https:\/\/margrescolombia.com\/wp-content\/uploads\/2024\/01\/Foto-i8-4-24-300x256.jpg",300,256,true],"medium_large":["https:\/\/margrescolombia.com\/wp-content\/uploads\/2024\/01\/Foto-i8-4-24-768x655.jpg",768,655,true],"large":["https:\/\/margrescolombia.com\/wp-content\/uploads\/2024\/01\/Foto-i8-4-24-1024x873.jpg",1024,873,true],"1536x1536":["https:\/\/margrescolombia.com\/wp-content\/uploads\/2024\/01\/Foto-i8-4-24-1536x1310.jpg",1536,1310,true],"2048x2048":["https:\/\/margrescolombia.com\/wp-content\/uploads\/2024\/01\/Foto-i8-4-24-2048x1746.jpg",2048,1746,true],"woocommerce_thumbnail":["https:\/\/margrescolombia.com\/wp-content\/uploads\/2024\/01\/Foto-i8-4-24-300x300.jpg",300,300,true],"woocommerce_single":["https:\/\/margrescolombia.com\/wp-content\/uploads\/2024\/01\/Foto-i8-4-24-600x512.jpg",600,512,true],"woocommerce_gallery_thumbnail":["https:\/\/margrescolombia.com\/wp-content\/uploads\/2024\/01\/Foto-i8-4-24-100x100.jpg",100,100,true]},"uagb_author_info":{"display_name":"davidmartinezg2014","author_link":"https:\/\/margrescolombia.com\/index.php\/author\/"},"uagb_comment_info":0,"uagb_excerpt":"Medida:\u00a0(7 x 25)\u00a0\u00a0Estilo: Rustica Matizado Peso M2:\u00a020Kg\u00a0\u00a0Unidades m2: 56 unidades","_links":{"self":[{"href":"https:\/\/margrescolombia.com\/index.php\/wp-json\/wp\/v2\/product\/1212"}],"collection":[{"href":"https:\/\/margrescolombia.com\/index.php\/wp-json\/wp\/v2\/product"}],"about":[{"href":"https:\/\/margrescolombia.com\/index.php\/wp-json\/wp\/v2\/types\/product"}],"replies":[{"embeddable":true,"href":"https:\/\/margrescolombia.com\/index.php\/wp-json\/wp\/v2\/comments?post=1212"}],"wp:featuredmedia":[{"embeddable":true,"href":"https:\/\/margrescolombia.com\/index.php\/wp-json\/wp\/v2\/media\/1213"}],"wp:attachment":[{"href":"https:\/\/margrescolombia.com\/index.php\/wp-json\/wp\/v2\/media?parent=1212"}],"wp:term":[{"taxonomy":"product_cat","embeddable":true,"href":"https:\/\/margrescolombia.com\/index.php\/wp-json\/wp\/v2\/product_cat?post=1212"},{"taxonomy":"product_tag","embeddable":true,"href":"https:\/\/margrescolombia.com\/index.php\/wp-json\/wp\/v2\/product_tag?post=1212"}],"curies":[{"name":"wp","href":"https:\/\/api.w.org\/{rel}","templated":true}]}}