{"id":1209,"date":"2024-01-11T23:41:03","date_gmt":"2024-01-11T23:41:03","guid":{"rendered":"https:\/\/margrescolombia.com\/?post_type=product&#038;p=1209"},"modified":"2025-02-08T17:48:50","modified_gmt":"2025-02-08T17:48:50","slug":"fachaleta-villa-de-leyva-arena","status":"publish","type":"product","link":"https:\/\/margrescolombia.com\/index.php\/producto\/fachaleta-villa-de-leyva-arena\/","title":{"rendered":"Fachaleta Villa de Leyva Arena"},"content":{"rendered":"<p>Descubre la sofisticaci\u00f3n distintiva con nuestra fachaleta Villa de Leyva Arena, una obra maestra de dise\u00f1o liso con medidas exactas de 7 x 25 cm. Esta pieza encarna la elegancia atemporal de la simplicidad, aportando un toque refinado a cualquier espacio. Su formato perfectamente equilibrado de 7 x 25 cm asegura una est\u00e9tica cl\u00e1sica y vers\u00e1til que se adapta con gracia a diversos estilos decorativos.<\/p>\n<p>Los tonos color arena de la fachaleta Villa de Leyva Arena proporcionan una serenidad y calidez sutiles, creando una atm\u00f3sfera \u00fanica en tus paredes. Aunque lisa, esta fachaleta conserva un aire de autenticidad que se refleja en su elegancia discreta<\/p>\n","protected":false},"excerpt":{"rendered":"<p><strong>Medida:\u00a0<\/strong>(7 x 25)\u00a0\u00a0<strong>Estilo:\u00a0<\/strong>mate lisa Arena<\/p>\n<p><strong>Peso M2:\u00a0<\/strong>20Kg\u00a0\u00a0<strong>Unidades por m2<\/strong>: 56 u<\/p>\n","protected":false},"featured_media":1210,"comment_status":"open","ping_status":"closed","template":"","meta":{"_uag_custom_page_level_css":"","site-sidebar-layout":"default","site-content-layout":"default","ast-global-header-display":"","ast-main-header-display":"","ast-hfb-above-header-display":"","ast-hfb-below-header-display":"","ast-hfb-mobile-header-display":"","site-post-title":"","ast-breadcrumbs-content":"","ast-featured-img":"","footer-sml-layout":"","theme-transparent-header-meta":"default","adv-header-id-meta":"","stick-header-meta":"","header-above-stick-meta":"","header-main-stick-meta":"","header-below-stick-meta":"","_joinchat":[],"jetpack_publicize_message":"","jetpack_is_tweetstorm":false,"jetpack_publicize_feature_enabled":true,"jetpack_social_post_already_shared":true,"jetpack_social_options":{"image_generator_settings":{"template":"highway","enabled":false}}},"product_cat":[22],"product_tag":[],"jetpack_publicize_connections":[],"uagb_featured_image_src":{"full":["https:\/\/margrescolombia.com\/wp-content\/uploads\/2024\/01\/Foto-i8-4-16-scaled.jpg",2560,2430,false],"thumbnail":["https:\/\/margrescolombia.com\/wp-content\/uploads\/2024\/01\/Foto-i8-4-16-150x150.jpg",150,150,true],"medium":["https:\/\/margrescolombia.com\/wp-content\/uploads\/2024\/01\/Foto-i8-4-16-300x285.jpg",300,285,true],"medium_large":["https:\/\/margrescolombia.com\/wp-content\/uploads\/2024\/01\/Foto-i8-4-16-768x729.jpg",768,729,true],"large":["https:\/\/margrescolombia.com\/wp-content\/uploads\/2024\/01\/Foto-i8-4-16-1024x972.jpg",1024,972,true],"1536x1536":["https:\/\/margrescolombia.com\/wp-content\/uploads\/2024\/01\/Foto-i8-4-16-1536x1458.jpg",1536,1458,true],"2048x2048":["https:\/\/margrescolombia.com\/wp-content\/uploads\/2024\/01\/Foto-i8-4-16-2048x1944.jpg",2048,1944,true],"woocommerce_thumbnail":["https:\/\/margrescolombia.com\/wp-content\/uploads\/2024\/01\/Foto-i8-4-16-300x300.jpg",300,300,true],"woocommerce_single":["https:\/\/margrescolombia.com\/wp-content\/uploads\/2024\/01\/Foto-i8-4-16-600x570.jpg",600,570,true],"woocommerce_gallery_thumbnail":["https:\/\/margrescolombia.com\/wp-content\/uploads\/2024\/01\/Foto-i8-4-16-100x100.jpg",100,100,true]},"uagb_author_info":{"display_name":"davidmartinezg2014","author_link":"https:\/\/margrescolombia.com\/index.php\/author\/"},"uagb_comment_info":0,"uagb_excerpt":"Medida:\u00a0(7 x 25)\u00a0\u00a0Estilo:\u00a0mate lisa Arena Peso M2:\u00a020Kg\u00a0\u00a0Unidades por m2: 56 u","_links":{"self":[{"href":"https:\/\/margrescolombia.com\/index.php\/wp-json\/wp\/v2\/product\/1209"}],"collection":[{"href":"https:\/\/margrescolombia.com\/index.php\/wp-json\/wp\/v2\/product"}],"about":[{"href":"https:\/\/margrescolombia.com\/index.php\/wp-json\/wp\/v2\/types\/product"}],"replies":[{"embeddable":true,"href":"https:\/\/margrescolombia.com\/index.php\/wp-json\/wp\/v2\/comments?post=1209"}],"wp:featuredmedia":[{"embeddable":true,"href":"https:\/\/margrescolombia.com\/index.php\/wp-json\/wp\/v2\/media\/1210"}],"wp:attachment":[{"href":"https:\/\/margrescolombia.com\/index.php\/wp-json\/wp\/v2\/media?parent=1209"}],"wp:term":[{"taxonomy":"product_cat","embeddable":true,"href":"https:\/\/margrescolombia.com\/index.php\/wp-json\/wp\/v2\/product_cat?post=1209"},{"taxonomy":"product_tag","embeddable":true,"href":"https:\/\/margrescolombia.com\/index.php\/wp-json\/wp\/v2\/product_tag?post=1209"}],"curies":[{"name":"wp","href":"https:\/\/api.w.org\/{rel}","templated":true}]}}