{"id":1195,"date":"2024-01-11T23:11:05","date_gmt":"2024-01-11T23:11:05","guid":{"rendered":"https:\/\/margrescolombia.com\/?post_type=product&#038;p=1195"},"modified":"2025-02-08T17:49:30","modified_gmt":"2025-02-08T17:49:30","slug":"sahara-enchape-gres-10x10","status":"publish","type":"product","link":"https:\/\/margrescolombia.com\/index.php\/producto\/sahara-enchape-gres-10x10\/","title":{"rendered":"Sahara Enchape Gres (10&#215;10)"},"content":{"rendered":"<p>Explora la esencia del desierto en tu espacio con nuestra fachaleta Sahara de medida 10\u00d710 cm. Este producto combina el encanto r\u00fastico con la sofisticaci\u00f3n de la matizaci\u00f3n, ofreciendo una variedad de colores que evocan la diversidad y la calidez del paisaje des\u00e9rtico.<\/p>\n<p>Con su estilo rustico matizado, la fachaleta Sahara presenta una fusi\u00f3n armoniosa de tonos que van desde los c\u00e1lidos marrones hasta los suaves tonos terrosos, creando un efecto visual cautivador y \u00fanico en cada pieza. Las dimensiones perfectamente equilibradas de 10\u00d710 cm permiten una instalaci\u00f3n vers\u00e1til, adapt\u00e1ndose a una variedad de dise\u00f1os y estilos de decoraci\u00f3n.<\/p>\n","protected":false},"excerpt":{"rendered":"<p><strong>Enchape piso y pared<\/strong><\/p>\n<p><strong>Medida:\u00a0<\/strong>(10\u00d710)\u00a0 <strong>Estilo:\u00a0<\/strong>Rustica Matizada<\/p>\n<p><strong>Peso M2:\u00a0<\/strong>20Kg\u00a0\u00a0<strong>Unidades por m2<\/strong>: 100<\/p>\n","protected":false},"featured_media":1196,"comment_status":"open","ping_status":"closed","template":"","meta":{"_uag_custom_page_level_css":"","site-sidebar-layout":"default","site-content-layout":"default","ast-global-header-display":"","ast-main-header-display":"","ast-hfb-above-header-display":"","ast-hfb-below-header-display":"","ast-hfb-mobile-header-display":"","site-post-title":"","ast-breadcrumbs-content":"","ast-featured-img":"","footer-sml-layout":"","theme-transparent-header-meta":"default","adv-header-id-meta":"","stick-header-meta":"","header-above-stick-meta":"","header-main-stick-meta":"","header-below-stick-meta":"","_joinchat":[],"jetpack_publicize_message":"","jetpack_is_tweetstorm":false,"jetpack_publicize_feature_enabled":true,"jetpack_social_post_already_shared":true,"jetpack_social_options":{"image_generator_settings":{"template":"highway","enabled":false}}},"product_cat":[22,28],"product_tag":[],"jetpack_publicize_connections":[],"uagb_featured_image_src":{"full":["https:\/\/margrescolombia.com\/wp-content\/uploads\/2024\/01\/Foto-i8-4-35-scaled.jpg",2560,2554,false],"thumbnail":["https:\/\/margrescolombia.com\/wp-content\/uploads\/2024\/01\/Foto-i8-4-35-150x150.jpg",150,150,true],"medium":["https:\/\/margrescolombia.com\/wp-content\/uploads\/2024\/01\/Foto-i8-4-35-300x300.jpg",300,300,true],"medium_large":["https:\/\/margrescolombia.com\/wp-content\/uploads\/2024\/01\/Foto-i8-4-35-768x766.jpg",768,766,true],"large":["https:\/\/margrescolombia.com\/wp-content\/uploads\/2024\/01\/Foto-i8-4-35-1024x1022.jpg",1024,1022,true],"1536x1536":["https:\/\/margrescolombia.com\/wp-content\/uploads\/2024\/01\/Foto-i8-4-35-1536x1532.jpg",1536,1532,true],"2048x2048":["https:\/\/margrescolombia.com\/wp-content\/uploads\/2024\/01\/Foto-i8-4-35-2048x2043.jpg",2048,2043,true],"woocommerce_thumbnail":["https:\/\/margrescolombia.com\/wp-content\/uploads\/2024\/01\/Foto-i8-4-35-300x300.jpg",300,300,true],"woocommerce_single":["https:\/\/margrescolombia.com\/wp-content\/uploads\/2024\/01\/Foto-i8-4-35-600x599.jpg",600,599,true],"woocommerce_gallery_thumbnail":["https:\/\/margrescolombia.com\/wp-content\/uploads\/2024\/01\/Foto-i8-4-35-100x100.jpg",100,100,true]},"uagb_author_info":{"display_name":"davidmartinezg2014","author_link":"https:\/\/margrescolombia.com\/index.php\/author\/"},"uagb_comment_info":0,"uagb_excerpt":"Enchape piso y pared Medida:\u00a0(10\u00d710)\u00a0 Estilo:\u00a0Rustica Matizada Peso M2:\u00a020Kg\u00a0\u00a0Unidades por m2: 100","_links":{"self":[{"href":"https:\/\/margrescolombia.com\/index.php\/wp-json\/wp\/v2\/product\/1195"}],"collection":[{"href":"https:\/\/margrescolombia.com\/index.php\/wp-json\/wp\/v2\/product"}],"about":[{"href":"https:\/\/margrescolombia.com\/index.php\/wp-json\/wp\/v2\/types\/product"}],"replies":[{"embeddable":true,"href":"https:\/\/margrescolombia.com\/index.php\/wp-json\/wp\/v2\/comments?post=1195"}],"wp:featuredmedia":[{"embeddable":true,"href":"https:\/\/margrescolombia.com\/index.php\/wp-json\/wp\/v2\/media\/1196"}],"wp:attachment":[{"href":"https:\/\/margrescolombia.com\/index.php\/wp-json\/wp\/v2\/media?parent=1195"}],"wp:term":[{"taxonomy":"product_cat","embeddable":true,"href":"https:\/\/margrescolombia.com\/index.php\/wp-json\/wp\/v2\/product_cat?post=1195"},{"taxonomy":"product_tag","embeddable":true,"href":"https:\/\/margrescolombia.com\/index.php\/wp-json\/wp\/v2\/product_tag?post=1195"}],"curies":[{"name":"wp","href":"https:\/\/api.w.org\/{rel}","templated":true}]}}