{"id":1072,"date":"2023-12-04T20:37:46","date_gmt":"2023-12-04T20:37:46","guid":{"rendered":"https:\/\/margrescolombia.com\/?post_type=product&#038;p=1072"},"modified":"2025-02-08T17:51:15","modified_gmt":"2025-02-08T17:51:15","slug":"piedra-pizarra-plateada","status":"publish","type":"product","link":"https:\/\/margrescolombia.com\/index.php\/producto\/piedra-pizarra-plateada\/","title":{"rendered":"Piedra Pizarra Plateada"},"content":{"rendered":"<p>La pizarra de r\u00edo con vetas grises y tonalidades oxidadas es una maravilla natural que se distingue por su singularidad y rica paleta de colores. Este tipo de piedra, extra\u00edda de lechos de r\u00edos, presenta una combinaci\u00f3n cautivadora de matices grises, que aportan elegancia y sobriedad, junto con tonos oxidados que a\u00f1aden calidez y car\u00e1cter.<\/p>\n","protected":false},"excerpt":{"rendered":"<ul>\n<li><strong>Pizarra Plateada<\/strong><\/li>\n<li><strong>Medida<\/strong>: 5 x punta perdida<\/li>\n<li><strong>Peso m2:<\/strong> 22kg<\/li>\n<li><strong>Estilo<\/strong>: Piedra Pizarra\u00a0<strong> Colores: <\/strong>grises oxidados<\/li>\n<\/ul>\n","protected":false},"featured_media":1073,"comment_status":"open","ping_status":"closed","template":"","meta":{"_uag_custom_page_level_css":"","site-sidebar-layout":"default","site-content-layout":"default","ast-global-header-display":"","ast-main-header-display":"","ast-hfb-above-header-display":"","ast-hfb-below-header-display":"","ast-hfb-mobile-header-display":"","site-post-title":"","ast-breadcrumbs-content":"","ast-featured-img":"","footer-sml-layout":"","theme-transparent-header-meta":"default","adv-header-id-meta":"","stick-header-meta":"","header-above-stick-meta":"","header-main-stick-meta":"","header-below-stick-meta":"","_joinchat":[],"jetpack_publicize_message":"","jetpack_is_tweetstorm":false,"jetpack_publicize_feature_enabled":true,"jetpack_social_post_already_shared":true,"jetpack_social_options":{"image_generator_settings":{"template":"highway","enabled":false}}},"product_cat":[19],"product_tag":[],"jetpack_publicize_connections":[],"uagb_featured_image_src":{"full":["https:\/\/margrescolombia.com\/wp-content\/uploads\/2023\/12\/Roja-30x30-completa-21-scaled-e1701721942960.jpg",1707,2105,false],"thumbnail":["https:\/\/margrescolombia.com\/wp-content\/uploads\/2023\/12\/Roja-30x30-completa-21-scaled-e1701721942960-150x150.jpg",150,150,true],"medium":["https:\/\/margrescolombia.com\/wp-content\/uploads\/2023\/12\/Roja-30x30-completa-21-scaled-e1701721942960-243x300.jpg",243,300,true],"medium_large":["https:\/\/margrescolombia.com\/wp-content\/uploads\/2023\/12\/Roja-30x30-completa-21-scaled-e1701721942960-768x947.jpg",768,947,true],"large":["https:\/\/margrescolombia.com\/wp-content\/uploads\/2023\/12\/Roja-30x30-completa-21-scaled-e1701721942960-830x1024.jpg",830,1024,true],"1536x1536":["https:\/\/margrescolombia.com\/wp-content\/uploads\/2023\/12\/Roja-30x30-completa-21-scaled-e1701721942960-1246x1536.jpg",1246,1536,true],"2048x2048":["https:\/\/margrescolombia.com\/wp-content\/uploads\/2023\/12\/Roja-30x30-completa-21-scaled-e1701721942960-1661x2048.jpg",1661,2048,true],"woocommerce_thumbnail":["https:\/\/margrescolombia.com\/wp-content\/uploads\/2023\/12\/Roja-30x30-completa-21-scaled-e1701721942960-300x300.jpg",300,300,true],"woocommerce_single":["https:\/\/margrescolombia.com\/wp-content\/uploads\/2023\/12\/Roja-30x30-completa-21-scaled-e1701721942960-600x740.jpg",600,740,true],"woocommerce_gallery_thumbnail":["https:\/\/margrescolombia.com\/wp-content\/uploads\/2023\/12\/Roja-30x30-completa-21-scaled-e1701721942960-100x100.jpg",100,100,true]},"uagb_author_info":{"display_name":"davidmartinezg2014","author_link":"https:\/\/margrescolombia.com\/index.php\/author\/"},"uagb_comment_info":0,"uagb_excerpt":"Pizarra Plateada Medida: 5 x punta perdida Peso m2: 22kg Estilo: Piedra Pizarra\u00a0 Colores: grises oxidados","_links":{"self":[{"href":"https:\/\/margrescolombia.com\/index.php\/wp-json\/wp\/v2\/product\/1072"}],"collection":[{"href":"https:\/\/margrescolombia.com\/index.php\/wp-json\/wp\/v2\/product"}],"about":[{"href":"https:\/\/margrescolombia.com\/index.php\/wp-json\/wp\/v2\/types\/product"}],"replies":[{"embeddable":true,"href":"https:\/\/margrescolombia.com\/index.php\/wp-json\/wp\/v2\/comments?post=1072"}],"wp:featuredmedia":[{"embeddable":true,"href":"https:\/\/margrescolombia.com\/index.php\/wp-json\/wp\/v2\/media\/1073"}],"wp:attachment":[{"href":"https:\/\/margrescolombia.com\/index.php\/wp-json\/wp\/v2\/media?parent=1072"}],"wp:term":[{"taxonomy":"product_cat","embeddable":true,"href":"https:\/\/margrescolombia.com\/index.php\/wp-json\/wp\/v2\/product_cat?post=1072"},{"taxonomy":"product_tag","embeddable":true,"href":"https:\/\/margrescolombia.com\/index.php\/wp-json\/wp\/v2\/product_tag?post=1072"}],"curies":[{"name":"wp","href":"https:\/\/api.w.org\/{rel}","templated":true}]}}