{"id":1070,"date":"2023-12-04T20:28:53","date_gmt":"2023-12-04T20:28:53","guid":{"rendered":"https:\/\/margrescolombia.com\/?post_type=product&#038;p=1070"},"modified":"2026-03-05T21:16:23","modified_gmt":"2026-03-05T21:16:23","slug":"pizarra-matizada-barichara-10-x-20","status":"publish","type":"product","link":"https:\/\/margrescolombia.com\/index.php\/producto\/pizarra-matizada-barichara-10-x-20\/","title":{"rendered":"Pizarra Matizada Barichara (10 x 20)"},"content":{"rendered":"<p>La piedra pizarra matizada de 10&#215;20 proveniente de Barichara es una joya geol\u00f3gica que fusiona la belleza natural con las caracter\u00edsticas distintivas de la regi\u00f3n. Esta variedad espec\u00edfica de pizarra destaca por sus dimensiones precisas de 10&#215;20, lo que la convierte en una opci\u00f3n ideal para aplicaciones espec\u00edficas, como revestimientos de paredes, suelos y detalles arquitect\u00f3nicos.<\/p>\n","protected":false},"excerpt":{"rendered":"<p style=\"text-align: left;\"><strong>\u00a0 \u00a0 \u00a0 \u00a0 \u00a0 \u00a0 \u00a0Pizarra Barichara<\/strong><\/p>\n<p><strong>Medida:<\/strong>10&#215;20\u00a0 \u00a0<strong>Estilo:<\/strong> Piedra Pizarra<\/p>\n<p><strong>Peso m2 :<\/strong>\u00a023kg\u00a0 \u00a0 \u00a0<b>Implementaci\u00f3n<\/b>: interior y exterior<\/p>\n","protected":false},"featured_media":1071,"comment_status":"open","ping_status":"closed","template":"","meta":{"_uag_custom_page_level_css":"","site-sidebar-layout":"default","site-content-layout":"default","ast-global-header-display":"","ast-main-header-display":"","ast-hfb-above-header-display":"","ast-hfb-below-header-display":"","ast-hfb-mobile-header-display":"","site-post-title":"","ast-breadcrumbs-content":"","ast-featured-img":"","footer-sml-layout":"","theme-transparent-header-meta":"default","adv-header-id-meta":"","stick-header-meta":"","header-above-stick-meta":"","header-main-stick-meta":"","header-below-stick-meta":"","_joinchat":[],"jetpack_publicize_message":"","jetpack_is_tweetstorm":false,"jetpack_publicize_feature_enabled":true,"jetpack_social_post_already_shared":true,"jetpack_social_options":{"image_generator_settings":{"template":"highway","enabled":false}}},"product_cat":[19],"product_tag":[],"jetpack_publicize_connections":[],"uagb_featured_image_src":{"full":["https:\/\/margrescolombia.com\/wp-content\/uploads\/2023\/12\/Roja-30x30-completa-27-scaled.jpg",2560,1707,false],"thumbnail":["https:\/\/margrescolombia.com\/wp-content\/uploads\/2023\/12\/Roja-30x30-completa-27-150x150.jpg",150,150,true],"medium":["https:\/\/margrescolombia.com\/wp-content\/uploads\/2023\/12\/Roja-30x30-completa-27-300x200.jpg",300,200,true],"medium_large":["https:\/\/margrescolombia.com\/wp-content\/uploads\/2023\/12\/Roja-30x30-completa-27-768x512.jpg",768,512,true],"large":["https:\/\/margrescolombia.com\/wp-content\/uploads\/2023\/12\/Roja-30x30-completa-27-1024x683.jpg",1024,683,true],"1536x1536":["https:\/\/margrescolombia.com\/wp-content\/uploads\/2023\/12\/Roja-30x30-completa-27-1536x1024.jpg",1536,1024,true],"2048x2048":["https:\/\/margrescolombia.com\/wp-content\/uploads\/2023\/12\/Roja-30x30-completa-27-2048x1365.jpg",2048,1365,true],"woocommerce_thumbnail":["https:\/\/margrescolombia.com\/wp-content\/uploads\/2023\/12\/Roja-30x30-completa-27-300x300.jpg",300,300,true],"woocommerce_single":["https:\/\/margrescolombia.com\/wp-content\/uploads\/2023\/12\/Roja-30x30-completa-27-600x400.jpg",600,400,true],"woocommerce_gallery_thumbnail":["https:\/\/margrescolombia.com\/wp-content\/uploads\/2023\/12\/Roja-30x30-completa-27-100x100.jpg",100,100,true]},"uagb_author_info":{"display_name":"davidmartinezg2014","author_link":"https:\/\/margrescolombia.com\/index.php\/author\/"},"uagb_comment_info":1,"uagb_excerpt":"\u00a0 \u00a0 \u00a0 \u00a0 \u00a0 \u00a0 \u00a0Pizarra Barichara Medida:10x20\u00a0 \u00a0Estilo: Piedra Pizarra Peso m2 :\u00a023kg\u00a0 \u00a0 \u00a0Implementaci\u00f3n: interior y exterior","_links":{"self":[{"href":"https:\/\/margrescolombia.com\/index.php\/wp-json\/wp\/v2\/product\/1070"}],"collection":[{"href":"https:\/\/margrescolombia.com\/index.php\/wp-json\/wp\/v2\/product"}],"about":[{"href":"https:\/\/margrescolombia.com\/index.php\/wp-json\/wp\/v2\/types\/product"}],"replies":[{"embeddable":true,"href":"https:\/\/margrescolombia.com\/index.php\/wp-json\/wp\/v2\/comments?post=1070"}],"wp:featuredmedia":[{"embeddable":true,"href":"https:\/\/margrescolombia.com\/index.php\/wp-json\/wp\/v2\/media\/1071"}],"wp:attachment":[{"href":"https:\/\/margrescolombia.com\/index.php\/wp-json\/wp\/v2\/media?parent=1070"}],"wp:term":[{"taxonomy":"product_cat","embeddable":true,"href":"https:\/\/margrescolombia.com\/index.php\/wp-json\/wp\/v2\/product_cat?post=1070"},{"taxonomy":"product_tag","embeddable":true,"href":"https:\/\/margrescolombia.com\/index.php\/wp-json\/wp\/v2\/product_tag?post=1070"}],"curies":[{"name":"wp","href":"https:\/\/api.w.org\/{rel}","templated":true}]}}