{"id":1067,"date":"2023-12-04T20:09:47","date_gmt":"2023-12-04T20:09:47","guid":{"rendered":"https:\/\/margrescolombia.com\/?post_type=product&#038;p=1067"},"modified":"2025-02-08T17:51:33","modified_gmt":"2025-02-08T17:51:33","slug":"piedra-espacato-matizada-5x20","status":"publish","type":"product","link":"https:\/\/margrescolombia.com\/index.php\/producto\/piedra-espacato-matizada-5x20\/","title":{"rendered":"Piedra Espacato Matizada (5&#215;20)"},"content":{"rendered":"<p>La piedra pizarra matizada es una joya de la naturaleza que destaca por su singular belleza y versatilidad. Se trata de una roca metam\u00f3rfica de grano fino que exhibe una asombrosa variedad de tonalidades y matices. Su coloraci\u00f3n, que va desde tonos grises profundos hasta negros intensos, se mezcla de manera armoniosa con vetas y estr\u00edas que aportan una riqueza visual \u00fanica.<\/p>\n","protected":false},"excerpt":{"rendered":"<p><strong>Piedra Natural Pizarra\u00a0<\/strong> \u00a0 \u00a0<strong>Medida<\/strong>: 5\u00d720 cm<\/p>\n<p><strong>Estilo:<\/strong> Pizarra Gris\u00a0 \u00a0 \u00a0 \u00a0 \u00a0<strong> Peso por m2<\/strong>: 22 kg<\/p>\n","protected":false},"featured_media":1068,"comment_status":"open","ping_status":"closed","template":"","meta":{"_uag_custom_page_level_css":"","site-sidebar-layout":"default","site-content-layout":"default","ast-global-header-display":"","ast-main-header-display":"","ast-hfb-above-header-display":"","ast-hfb-below-header-display":"","ast-hfb-mobile-header-display":"","site-post-title":"","ast-breadcrumbs-content":"","ast-featured-img":"","footer-sml-layout":"","theme-transparent-header-meta":"default","adv-header-id-meta":"","stick-header-meta":"","header-above-stick-meta":"","header-main-stick-meta":"","header-below-stick-meta":"","_joinchat":[],"jetpack_publicize_message":"","jetpack_is_tweetstorm":false,"jetpack_publicize_feature_enabled":true,"jetpack_social_post_already_shared":true,"jetpack_social_options":{"image_generator_settings":{"template":"highway","enabled":false}}},"product_cat":[19],"product_tag":[],"jetpack_publicize_connections":[],"uagb_featured_image_src":{"full":["https:\/\/margrescolombia.com\/wp-content\/uploads\/2023\/12\/Roja-30x30-completa-26-scaled.jpg",1707,2560,false],"thumbnail":["https:\/\/margrescolombia.com\/wp-content\/uploads\/2023\/12\/Roja-30x30-completa-26-150x150.jpg",150,150,true],"medium":["https:\/\/margrescolombia.com\/wp-content\/uploads\/2023\/12\/Roja-30x30-completa-26-200x300.jpg",200,300,true],"medium_large":["https:\/\/margrescolombia.com\/wp-content\/uploads\/2023\/12\/Roja-30x30-completa-26-768x1152.jpg",768,1152,true],"large":["https:\/\/margrescolombia.com\/wp-content\/uploads\/2023\/12\/Roja-30x30-completa-26-683x1024.jpg",683,1024,true],"1536x1536":["https:\/\/margrescolombia.com\/wp-content\/uploads\/2023\/12\/Roja-30x30-completa-26-1024x1536.jpg",1024,1536,true],"2048x2048":["https:\/\/margrescolombia.com\/wp-content\/uploads\/2023\/12\/Roja-30x30-completa-26-1365x2048.jpg",1365,2048,true],"woocommerce_thumbnail":["https:\/\/margrescolombia.com\/wp-content\/uploads\/2023\/12\/Roja-30x30-completa-26-300x300.jpg",300,300,true],"woocommerce_single":["https:\/\/margrescolombia.com\/wp-content\/uploads\/2023\/12\/Roja-30x30-completa-26-600x900.jpg",600,900,true],"woocommerce_gallery_thumbnail":["https:\/\/margrescolombia.com\/wp-content\/uploads\/2023\/12\/Roja-30x30-completa-26-100x100.jpg",100,100,true]},"uagb_author_info":{"display_name":"davidmartinezg2014","author_link":"https:\/\/margrescolombia.com\/index.php\/author\/"},"uagb_comment_info":0,"uagb_excerpt":"Piedra Natural Pizarra\u00a0 \u00a0 \u00a0Medida: 5\u00d720 cm Estilo: Pizarra Gris\u00a0 \u00a0 \u00a0 \u00a0 \u00a0 Peso por m2: 22 kg","_links":{"self":[{"href":"https:\/\/margrescolombia.com\/index.php\/wp-json\/wp\/v2\/product\/1067"}],"collection":[{"href":"https:\/\/margrescolombia.com\/index.php\/wp-json\/wp\/v2\/product"}],"about":[{"href":"https:\/\/margrescolombia.com\/index.php\/wp-json\/wp\/v2\/types\/product"}],"replies":[{"embeddable":true,"href":"https:\/\/margrescolombia.com\/index.php\/wp-json\/wp\/v2\/comments?post=1067"}],"wp:featuredmedia":[{"embeddable":true,"href":"https:\/\/margrescolombia.com\/index.php\/wp-json\/wp\/v2\/media\/1068"}],"wp:attachment":[{"href":"https:\/\/margrescolombia.com\/index.php\/wp-json\/wp\/v2\/media?parent=1067"}],"wp:term":[{"taxonomy":"product_cat","embeddable":true,"href":"https:\/\/margrescolombia.com\/index.php\/wp-json\/wp\/v2\/product_cat?post=1067"},{"taxonomy":"product_tag","embeddable":true,"href":"https:\/\/margrescolombia.com\/index.php\/wp-json\/wp\/v2\/product_tag?post=1067"}],"curies":[{"name":"wp","href":"https:\/\/api.w.org\/{rel}","templated":true}]}}